{"id":5,"date":"2016-07-27T21:57:51","date_gmt":"2016-07-27T21:57:51","guid":{"rendered":"http:\/\/nunezdiseno.com.ar\/liceo\/?page_id=5"},"modified":"2016-11-08T17:04:56","modified_gmt":"2016-11-08T17:04:56","slug":"institucional","status":"publish","type":"page","link":"https:\/\/liceoinformatico.edu.ar\/?page_id=5","title":{"rendered":"Institucional"},"content":{"rendered":"<p>[vc_row][vc_column width=\u00bb2\/3&#8243;][vc_column_text]Este Complejo Educativo est\u00e1 conformado por las instituciones Colegio Universitario Liceo Inform\u00e1tico II, la Escuela de Servicios y Negocios Ciudad Educativa, la Fundaci\u00f3n para la Promoci\u00f3n de Estudios Superiores en Tecnolog\u00eda (FuPEST) y las Universidades con las que se firman convenios de trabajo conjunto.<\/p>\n<p>El <strong>Colegio Universitario Liceo Inform\u00e1tico II<\/strong> cuenta con el ciclo <strong>Secundario <\/strong>obligatorio en los turnos ma\u00f1ana y tarde, con sus proyectos Salir de la Calle para Entrar al Mundo, Empecinadas y Educaci\u00f3n en Contextos de Encierro.<\/p>\n<p>En lo referido a nivel Superior, \u00a0se dictan cinco <strong>carreras t\u00e9cnico profesionales; <\/strong>adem\u00e1s, \u00a0forma parte de su organigrama el <strong>Instituto de Formaci\u00f3n Docente<\/strong>, a trav\u00e9s del cual se ofrecen dos Profesorados para la ense\u00f1anza secundaria y el ciclo de Capacitaci\u00f3n Pedag\u00f3gica para Profesionales y T\u00e9cnicos.<\/p>\n<p>La Escuela <strong>Ciudad Educativa<\/strong> tiene bajo su \u00f3rbita el dictado de otras <strong>carreras terciarias<\/strong>, cuyo rubro de oferta abarca el \u00e1rea denominada \u201c<strong>de servicios<\/strong>\u201d.<\/p>\n<p>Mediante <strong>FuPEST<\/strong> se llevan a cabo diversas actividades de <strong>contenci\u00f3n social<\/strong>, en particular en el \u00e1mbito de la ni\u00f1ez y la adolescencia, siempre en concordancia con la instituci\u00f3n educativa.[\/vc_column_text][\/vc_column][vc_column width=\u00bb1\/3&#8243;]\n<div class=\"wpcf7 no-js\" id=\"wpcf7-f4-o1\" lang=\"es-ES\" dir=\"ltr\">\n<div class=\"screen-reader-response\"><p role=\"status\" aria-live=\"polite\" aria-atomic=\"true\"><\/p> <ul><\/ul><\/div>\n<form action=\"\/index.php?rest_route=%2Fwp%2Fv2%2Fpages%2F5#wpcf7-f4-o1\" method=\"post\" class=\"wpcf7-form init\" aria-label=\"Formulario de contacto\" novalidate=\"novalidate\" data-status=\"init\">\n<div style=\"display: none;\">\n<input type=\"hidden\" name=\"_wpcf7\" value=\"4\" \/>\n<input type=\"hidden\" name=\"_wpcf7_version\" value=\"5.8.6\" \/>\n<input type=\"hidden\" name=\"_wpcf7_locale\" value=\"es_ES\" \/>\n<input type=\"hidden\" name=\"_wpcf7_unit_tag\" value=\"wpcf7-f4-o1\" \/>\n<input type=\"hidden\" name=\"_wpcf7_container_post\" value=\"0\" \/>\n<input type=\"hidden\" name=\"_wpcf7_posted_data_hash\" value=\"\" \/>\n<\/div>\n<h3>SOLICITAR INFO\n<\/h3>\n<p>\u00bfQuer\u00e9s estudiar en Liceo Inform\u00e1tico?<br \/>\nConsultanos a trav\u00e9s del formulario y te responderemos a la brevedad.\n<\/p>\n<p><span class=\"wpcf7-form-control-wrap\" data-name=\"Sector\"><select class=\"wpcf7-form-control wpcf7-select wpcf7-validates-as-required\" aria-required=\"true\" aria-invalid=\"false\" name=\"Sector\"><option value=\"Seleccione su inter\u00e9s\">Seleccione su inter\u00e9s<\/option><option value=\"Educaci\u00f3n Inicial\">Educaci\u00f3n Inicial<\/option><option value=\"Educaci\u00f3n Primaria\">Educaci\u00f3n Primaria<\/option><option value=\"Educaci\u00f3n Secundaria\">Educaci\u00f3n Secundaria<\/option><option value=\"Epja - Secundario Para Adultos\">Epja - Secundario Para Adultos<\/option><option value=\"Nivel Superior - Tecnicaturas\">Nivel Superior - Tecnicaturas<\/option><option value=\"Nivel Superior - Profesorados\">Nivel Superior - Profesorados<\/option><option value=\"Formaci\u00f3n Docente Continua\">Formaci\u00f3n Docente Continua<\/option><\/select><\/span>\n<\/p>\n<p><span class=\"wpcf7-form-control-wrap\" data-name=\"your-name\"><input size=\"40\" class=\"wpcf7-form-control wpcf7-text wpcf7-validates-as-required\" aria-required=\"true\" aria-invalid=\"false\" placeholder=\"Nombre y Apellido\" value=\"\" type=\"text\" name=\"your-name\" \/><\/span>\n<\/p>\n<p><span class=\"wpcf7-form-control-wrap\" data-name=\"your-email\"><input size=\"40\" class=\"wpcf7-form-control wpcf7-email wpcf7-validates-as-required wpcf7-text wpcf7-validates-as-email\" aria-required=\"true\" aria-invalid=\"false\" placeholder=\"E-mail\" value=\"\" type=\"email\" name=\"your-email\" \/><\/span>\n<\/p>\n<p><span class=\"wpcf7-form-control-wrap\" data-name=\"localidad\"><input size=\"40\" class=\"wpcf7-form-control wpcf7-text wpcf7-validates-as-required\" aria-required=\"true\" aria-invalid=\"false\" placeholder=\"Tel\u00e9fono\/Celular\" value=\"\" type=\"text\" name=\"localidad\" \/><\/span>\n<\/p>\n<p><span class=\"wpcf7-form-control-wrap\" data-name=\"your-message\"><textarea cols=\"40\" rows=\"10\" class=\"wpcf7-form-control wpcf7-textarea\" aria-invalid=\"false\" placeholder=\"Su consulta\" name=\"your-message\"><\/textarea><\/span>\n<\/p>\n<p><input class=\"wpcf7-form-control wpcf7-submit has-spinner\" type=\"submit\" value=\"Enviar\" \/>\n<\/p><p style=\"display: none !important;\" class=\"akismet-fields-container\" data-prefix=\"_wpcf7_ak_\"><label>&#916;<textarea name=\"_wpcf7_ak_hp_textarea\" cols=\"45\" rows=\"8\" maxlength=\"100\"><\/textarea><\/label><input type=\"hidden\" id=\"ak_js_1\" name=\"_wpcf7_ak_js\" value=\"29\"\/><script>document.getElementById( \"ak_js_1\" ).setAttribute( \"value\", ( new Date() ).getTime() );<\/script><\/p><div class=\"wpcf7-response-output\" aria-hidden=\"true\"><\/div>\n<\/form>\n<\/div>\n[\/vc_column][\/vc_row]<\/p>\n","protected":false},"excerpt":{"rendered":"<p>[vc_row][vc_column width=\u00bb2\/3&#8243;][vc_column_text]Este Complejo Educativo est\u00e1 conformado por las instituciones Colegio Universitario Liceo Inform\u00e1tico II, la Escuela de Servicios y Negocios Ciudad Educativa, la Fundaci\u00f3n para la Promoci\u00f3n de Estudios Superiores en Tecnolog\u00eda (FuPEST) y las Universidades con las que se firman convenios de trabajo conjunto. El Colegio Universitario Liceo Inform\u00e1tico II cuenta con el ciclo &#8230; <a class=\"read-more\" href=\"https:\/\/liceoinformatico.edu.ar\/?page_id=5\">Leer m\u00e1s<\/a><\/p>\n","protected":false},"author":1,"featured_media":0,"parent":0,"menu_order":0,"comment_status":"closed","ping_status":"closed","template":"","meta":{"footnotes":"","_joinchat":[]},"acf":[],"yoast_head":"<!-- This site is optimized with the Yoast SEO plugin v21.9.1 - https:\/\/yoast.com\/wordpress\/plugins\/seo\/ -->\n<title>Institucional - Complejo Educativo Liceo Inform\u00e1tico II - Ciudad Educativa<\/title>\n<meta name=\"robots\" content=\"index, follow, max-snippet:-1, max-image-preview:large, max-video-preview:-1\" \/>\n<link rel=\"canonical\" href=\"https:\/\/liceoinformatico.edu.ar\/?page_id=5\" \/>\n<meta property=\"og:locale\" content=\"es_ES\" \/>\n<meta property=\"og:type\" content=\"article\" \/>\n<meta property=\"og:title\" content=\"Institucional - Complejo Educativo Liceo Inform\u00e1tico II - Ciudad Educativa\" \/>\n<meta property=\"og:description\" content=\"[vc_row][vc_column width=\u00bb2\/3&#8243;][vc_column_text]Este Complejo Educativo est\u00e1 conformado por las instituciones Colegio Universitario Liceo Inform\u00e1tico II, la Escuela de Servicios y Negocios Ciudad Educativa, la Fundaci\u00f3n para la Promoci\u00f3n de Estudios Superiores en Tecnolog\u00eda (FuPEST) y las Universidades con las que se firman convenios de trabajo conjunto. El Colegio Universitario Liceo Inform\u00e1tico II cuenta con el ciclo ... Leer m\u00e1s\" \/>\n<meta property=\"og:url\" content=\"https:\/\/liceoinformatico.edu.ar\/?page_id=5\" \/>\n<meta property=\"og:site_name\" content=\"Complejo Educativo Liceo Inform\u00e1tico II - Ciudad Educativa\" \/>\n<meta property=\"article:modified_time\" content=\"2016-11-08T17:04:56+00:00\" \/>\n<meta name=\"twitter:card\" content=\"summary_large_image\" \/>\n<meta name=\"twitter:label1\" content=\"Tiempo de lectura\" \/>\n\t<meta name=\"twitter:data1\" content=\"1 minuto\" \/>\n<script type=\"application\/ld+json\" class=\"yoast-schema-graph\">{\"@context\":\"https:\/\/schema.org\",\"@graph\":[{\"@type\":\"WebPage\",\"@id\":\"https:\/\/liceoinformatico.edu.ar\/?page_id=5\",\"url\":\"https:\/\/liceoinformatico.edu.ar\/?page_id=5\",\"name\":\"Institucional - Complejo Educativo Liceo Inform\u00e1tico II - Ciudad Educativa\",\"isPartOf\":{\"@id\":\"https:\/\/liceoinformatico.edu.ar\/#website\"},\"datePublished\":\"2016-07-27T21:57:51+00:00\",\"dateModified\":\"2016-11-08T17:04:56+00:00\",\"breadcrumb\":{\"@id\":\"https:\/\/liceoinformatico.edu.ar\/?page_id=5#breadcrumb\"},\"inLanguage\":\"es\",\"potentialAction\":[{\"@type\":\"ReadAction\",\"target\":[\"https:\/\/liceoinformatico.edu.ar\/?page_id=5\"]}]},{\"@type\":\"BreadcrumbList\",\"@id\":\"https:\/\/liceoinformatico.edu.ar\/?page_id=5#breadcrumb\",\"itemListElement\":[{\"@type\":\"ListItem\",\"position\":1,\"name\":\"Portada\",\"item\":\"https:\/\/liceoinformatico.edu.ar\/\"},{\"@type\":\"ListItem\",\"position\":2,\"name\":\"Institucional\"}]},{\"@type\":\"WebSite\",\"@id\":\"https:\/\/liceoinformatico.edu.ar\/#website\",\"url\":\"https:\/\/liceoinformatico.edu.ar\/\",\"name\":\"Complejo Educativo Liceo Inform\u00e1tico II - Ciudad Educativa\",\"description\":\"\",\"publisher\":{\"@id\":\"https:\/\/liceoinformatico.edu.ar\/#organization\"},\"potentialAction\":[{\"@type\":\"SearchAction\",\"target\":{\"@type\":\"EntryPoint\",\"urlTemplate\":\"https:\/\/liceoinformatico.edu.ar\/?s={search_term_string}\"},\"query-input\":\"required name=search_term_string\"}],\"inLanguage\":\"es\"},{\"@type\":\"Organization\",\"@id\":\"https:\/\/liceoinformatico.edu.ar\/#organization\",\"name\":\"Complejo Educativo Liceo Inform\u00e1tico II - Ciudad Educativa\",\"url\":\"https:\/\/liceoinformatico.edu.ar\/\",\"logo\":{\"@type\":\"ImageObject\",\"inLanguage\":\"es\",\"@id\":\"https:\/\/liceoinformatico.edu.ar\/#\/schema\/logo\/image\/\",\"url\":\"https:\/\/liceoinformatico.edu.ar\/wp-content\/uploads\/2022\/11\/cropped-header-2.jpg\",\"contentUrl\":\"https:\/\/liceoinformatico.edu.ar\/wp-content\/uploads\/2022\/11\/cropped-header-2.jpg\",\"width\":1022,\"height\":127,\"caption\":\"Complejo Educativo Liceo Inform\u00e1tico II - Ciudad Educativa\"},\"image\":{\"@id\":\"https:\/\/liceoinformatico.edu.ar\/#\/schema\/logo\/image\/\"}}]}<\/script>\n<!-- \/ Yoast SEO plugin. -->","yoast_head_json":{"title":"Institucional - Complejo Educativo Liceo Inform\u00e1tico II - Ciudad Educativa","robots":{"index":"index","follow":"follow","max-snippet":"max-snippet:-1","max-image-preview":"max-image-preview:large","max-video-preview":"max-video-preview:-1"},"canonical":"https:\/\/liceoinformatico.edu.ar\/?page_id=5","og_locale":"es_ES","og_type":"article","og_title":"Institucional - Complejo Educativo Liceo Inform\u00e1tico II - Ciudad Educativa","og_description":"[vc_row][vc_column width=\u00bb2\/3&#8243;][vc_column_text]Este Complejo Educativo est\u00e1 conformado por las instituciones Colegio Universitario Liceo Inform\u00e1tico II, la Escuela de Servicios y Negocios Ciudad Educativa, la Fundaci\u00f3n para la Promoci\u00f3n de Estudios Superiores en Tecnolog\u00eda (FuPEST) y las Universidades con las que se firman convenios de trabajo conjunto. El Colegio Universitario Liceo Inform\u00e1tico II cuenta con el ciclo ... Leer m\u00e1s","og_url":"https:\/\/liceoinformatico.edu.ar\/?page_id=5","og_site_name":"Complejo Educativo Liceo Inform\u00e1tico II - Ciudad Educativa","article_modified_time":"2016-11-08T17:04:56+00:00","twitter_card":"summary_large_image","twitter_misc":{"Tiempo de lectura":"1 minuto"},"schema":{"@context":"https:\/\/schema.org","@graph":[{"@type":"WebPage","@id":"https:\/\/liceoinformatico.edu.ar\/?page_id=5","url":"https:\/\/liceoinformatico.edu.ar\/?page_id=5","name":"Institucional - Complejo Educativo Liceo Inform\u00e1tico II - Ciudad Educativa","isPartOf":{"@id":"https:\/\/liceoinformatico.edu.ar\/#website"},"datePublished":"2016-07-27T21:57:51+00:00","dateModified":"2016-11-08T17:04:56+00:00","breadcrumb":{"@id":"https:\/\/liceoinformatico.edu.ar\/?page_id=5#breadcrumb"},"inLanguage":"es","potentialAction":[{"@type":"ReadAction","target":["https:\/\/liceoinformatico.edu.ar\/?page_id=5"]}]},{"@type":"BreadcrumbList","@id":"https:\/\/liceoinformatico.edu.ar\/?page_id=5#breadcrumb","itemListElement":[{"@type":"ListItem","position":1,"name":"Portada","item":"https:\/\/liceoinformatico.edu.ar\/"},{"@type":"ListItem","position":2,"name":"Institucional"}]},{"@type":"WebSite","@id":"https:\/\/liceoinformatico.edu.ar\/#website","url":"https:\/\/liceoinformatico.edu.ar\/","name":"Complejo Educativo Liceo Inform\u00e1tico II - Ciudad Educativa","description":"","publisher":{"@id":"https:\/\/liceoinformatico.edu.ar\/#organization"},"potentialAction":[{"@type":"SearchAction","target":{"@type":"EntryPoint","urlTemplate":"https:\/\/liceoinformatico.edu.ar\/?s={search_term_string}"},"query-input":"required name=search_term_string"}],"inLanguage":"es"},{"@type":"Organization","@id":"https:\/\/liceoinformatico.edu.ar\/#organization","name":"Complejo Educativo Liceo Inform\u00e1tico II - Ciudad Educativa","url":"https:\/\/liceoinformatico.edu.ar\/","logo":{"@type":"ImageObject","inLanguage":"es","@id":"https:\/\/liceoinformatico.edu.ar\/#\/schema\/logo\/image\/","url":"https:\/\/liceoinformatico.edu.ar\/wp-content\/uploads\/2022\/11\/cropped-header-2.jpg","contentUrl":"https:\/\/liceoinformatico.edu.ar\/wp-content\/uploads\/2022\/11\/cropped-header-2.jpg","width":1022,"height":127,"caption":"Complejo Educativo Liceo Inform\u00e1tico II - Ciudad Educativa"},"image":{"@id":"https:\/\/liceoinformatico.edu.ar\/#\/schema\/logo\/image\/"}}]}},"_links":{"self":[{"href":"https:\/\/liceoinformatico.edu.ar\/index.php?rest_route=\/wp\/v2\/pages\/5"}],"collection":[{"href":"https:\/\/liceoinformatico.edu.ar\/index.php?rest_route=\/wp\/v2\/pages"}],"about":[{"href":"https:\/\/liceoinformatico.edu.ar\/index.php?rest_route=\/wp\/v2\/types\/page"}],"author":[{"embeddable":true,"href":"https:\/\/liceoinformatico.edu.ar\/index.php?rest_route=\/wp\/v2\/users\/1"}],"replies":[{"embeddable":true,"href":"https:\/\/liceoinformatico.edu.ar\/index.php?rest_route=%2Fwp%2Fv2%2Fcomments&post=5"}],"version-history":[{"count":1,"href":"https:\/\/liceoinformatico.edu.ar\/index.php?rest_route=\/wp\/v2\/pages\/5\/revisions"}],"predecessor-version":[{"id":883,"href":"https:\/\/liceoinformatico.edu.ar\/index.php?rest_route=\/wp\/v2\/pages\/5\/revisions\/883"}],"wp:attachment":[{"href":"https:\/\/liceoinformatico.edu.ar\/index.php?rest_route=%2Fwp%2Fv2%2Fmedia&parent=5"}],"curies":[{"name":"wp","href":"https:\/\/api.w.org\/{rel}","templated":true}]}}