{"id":19,"date":"2016-07-27T22:02:29","date_gmt":"2016-07-27T22:02:29","guid":{"rendered":"http:\/\/nunezdiseno.com.ar\/liceo\/?page_id=19"},"modified":"2025-10-04T00:05:30","modified_gmt":"2025-10-04T00:05:30","slug":"presentacion","status":"publish","type":"page","link":"https:\/\/liceoinformatico.edu.ar\/?page_id=19","title":{"rendered":"Presentaci\u00f3n"},"content":{"rendered":"<p>[vc_row][vc_column width=\u00bb2\/3&#8243;][vc_column_text css=\u00bb.vc_custom_1472818225819{border-left-width: 8px !important;padding-left: 10px !important;border-left-color: #005da3 !important;border-left-style: solid !important;}\u00bb]<\/p>\n<h3><em><span style=\"color: #005da3;\">Con el objetivo de formar y capacitar a adolescentes y adultos en distintas \u00e1reas del conocimiento, surge en 1992 el Liceo Inform\u00e1tico II.<\/span><\/em><\/h3>\n<p>[\/vc_column_text][vc_column_text]El Colegio Universitario Liceo Inform\u00e1tico II\u00a0 cumple en 2022 30 a\u00f1os desde su fundaci\u00f3n (1992). Se ha distinguido desde siempre por tratarse de un proyecto privado (escuela oficial de gesti\u00f3n privada) de car\u00e1cter original y vanguardista, popular, inclusivo, atento a la diversidad, creativo, innovador y participativo. En 2022 implementamos tambi\u00e9n el Nivel Primario, completando todos los niveles del Sistema Educativo.\u00a0 Hemos recibido a lo largo de nuestra historia numerosos reconocimientos, ej en el marco del Premio Presidencial Escuelas Solidarias; Premio Trayectoria Solidaria; est\u00e1 registrado en actas de la OCDE \u00abEscuelas que hacen Escuela\u00bb. Brinda Educaci\u00f3n creativa e innovadora en:<\/p>\n<p>\u2013 Nivel inicial (Desde los 3 a\u00f1os)<\/p>\n<p>\u2013 Nivel Primario<\/p>\n<p>\u2013 Nivel Secundario con orientaciones Econom\u00eda e Inform\u00e1tica, en ambos turnos (ma\u00f1ana y tarde)<\/p>\n<p>\u2013 Nivel Secundario para Adultos<\/p>\n<p>\u2013 Nivel Superior \u2013 formaci\u00f3n t\u00e9cnica<\/p>\n<p>\u2013 Nivel Superior \u2013 Formaci\u00f3n docente<\/p>\n<p>Incluye comedor escolar.<\/p>\n<p>Brinda acceso bonificado a personas\/familias que no cuentan con recursos (r\u00e9gimen cooperativo de arancelamiento, donde\u00a0 quienes no pueden sostener arancel completo abonan con descuentos porcentuales crecientes).<\/p>\n<p>Presta particular atenci\u00f3n al seguimiento de las trayectorias del alumnado, reforzando sus pol\u00edticas institucionales de inclusi\u00f3n con acompa\u00f1amiento personalizado.<\/p>\n<p>Mantiene importantes articulaciones (es una instituci\u00f3n participativa desde siempre), con entidades p\u00fablicas y privadas y con universidades. Actualmente tiene convenios activos con la Universidad Abierta Interamericana, la Universidad de Mor\u00f3n y la Pontificia Universidad Cat\u00f3lica Argentina.<\/p>\n<p>Es una escuela abierta a la creatividad e innovaci\u00f3n, habiendo creado e implementado a lo largo de su historia programas de formaci\u00f3n vanguardistas (por ejemplo, los programas de inclusi\u00f3n educativa que luego de muchos a\u00f1os se tornaron pol\u00edtica oficial en Argentina), como as\u00ed tambi\u00e9n carreras de pujante actualidad (Inteligencia Artificial, Ciencias del Comportamiento, Profesorado en Tecnolog\u00eda y muchas otras). Ofrece formaci\u00f3n de post\u00edtulo de actualizaci\u00f3n y especializaci\u00f3n en \u00e1reas estrat\u00e9gicas (por ejemplo, educaci\u00f3n inclusiva, educaci\u00f3n tecnol\u00f3gica, etc.).<\/p>\n<p>Est\u00e1 al servicio de la Comunidad pampeana y de la zona con orgullo y tenacidad: es un complejo educativo comprometido y popular, con instalaciones sencillas pero a completo servicio de nuestro alumnado y sus familias.<\/p>\n<p>Es\u2026 \u00a1Otra Escuela![\/vc_column_text][\/vc_column][vc_column width=\u00bb1\/3&#8243;][vc_custom_heading text=\u00bbAUTORIDADES\u00bb font_container=\u00bbtag:h3|text_align:left|color:%231e73be\u00bb google_fonts=\u00bbfont_family:Lato%3A100%2C100italic%2C300%2C300italic%2Cregular%2Citalic%2C700%2C700italic%2C900%2C900italic|font_style:400%20regular%3A400%3Anormal\u00bb css=\u00bb.vc_custom_1472817834103{border-bottom-width: 3px !important;border-bottom-color: #5b90bf !important;border-bottom-style: solid !important;}\u00bb][vc_column_text css=\u00bb.vc_custom_1669148364077{border-bottom-width: 3px !important;padding-bottom: 7px !important;border-bottom-color: #5b90bf !important;border-bottom-style: solid !important;}\u00bb]<span style=\"color: #005da3;\">Rectora del Complejo Educativo<br \/>\n<\/span>Prof. Godoy Armando Flavia<\/p>\n<p><span style=\"color: #005da3;\">Vice Directora del nivel Secundario<br \/>\n<\/span>Prof. Armando Keoken<\/p>\n<p><span style=\"color: #005da3;\">Referente de Nivel Superior<br \/>\n<\/span>Lic. Amaray Micaela<\/p>\n<p><span style=\"color: #005da3;\">Referente de Educaci\u00f3n Permanente para J\u00f3venes y Adultos<br \/>\n<\/span>Prof. Monasterolo Romina<\/p>\n<p><span style=\"color: #3366ff;\">Director de Nivel Primario<\/span><br \/>\nProf. Acosta Pablo<\/p>\n<p><span style=\"color: #005da3;\">Representante legal<br \/>\n<\/span>Dra Armando Lilia[\/vc_column_text][vc_custom_heading text=\u00bbPROYECTO EDUCATIVO INSTITUCIONAL\u00bb font_container=\u00bbtag:h4|text_align:center|color:%23ffffff\u00bb google_fonts=\u00bbfont_family:Lato%3A100%2C100italic%2C300%2C300italic%2Cregular%2Citalic%2C700%2C700italic%2C900%2C900italic|font_style:700%20bold%20regular%3A700%3Anormal\u00bb link=\u00bburl:https%3A%2F%2Fliceoprueba.online%2Fwp-content%2Fuploads%2F2016%2F07%2Fproyecto_educativo_institucional.pdf||target:%20_blank|\u00bb css=\u00bb.vc_custom_1477670296254{padding-top: 20px !important;padding-bottom: 20px !important;background-color: #085ca8 !important;}\u00bb][vc_video link=\u00bbhttps:\/\/www.youtube.com\/watch?v=fJuv1HclWMg\u00bb align=\u00bbcenter\u00bb][\/vc_column][\/vc_row]<\/p>\n","protected":false},"excerpt":{"rendered":"<p>[vc_row][vc_column width=\u00bb2\/3&#8243;][vc_column_text css=\u00bb.vc_custom_1472818225819{border-left-width: 8px !important;padding-left: 10px !important;border-left-color: #005da3 !important;border-left-style: solid !important;}\u00bb] Con el objetivo de formar y capacitar a adolescentes y adultos en distintas \u00e1reas del conocimiento, surge en 1992 el Liceo Inform\u00e1tico II. [\/vc_column_text][vc_column_text]El Colegio Universitario Liceo Inform\u00e1tico II\u00a0 cumple en 2022 30 a\u00f1os desde su fundaci\u00f3n (1992). Se ha distinguido desde siempre por &#8230; <a class=\"read-more\" href=\"https:\/\/liceoinformatico.edu.ar\/?page_id=19\">Leer m\u00e1s<\/a><\/p>\n","protected":false},"author":1,"featured_media":0,"parent":0,"menu_order":0,"comment_status":"closed","ping_status":"closed","template":"","meta":{"footnotes":"","_joinchat":[]},"acf":[],"yoast_head":"<!-- This site is optimized with the Yoast SEO plugin v21.9.1 - https:\/\/yoast.com\/wordpress\/plugins\/seo\/ -->\n<title>Presentaci\u00f3n - Complejo Educativo Liceo Inform\u00e1tico II - Ciudad Educativa<\/title>\n<meta name=\"robots\" content=\"index, follow, max-snippet:-1, max-image-preview:large, max-video-preview:-1\" \/>\n<link rel=\"canonical\" href=\"https:\/\/liceoinformatico.edu.ar\/?page_id=19\" \/>\n<meta property=\"og:locale\" content=\"es_ES\" \/>\n<meta property=\"og:type\" content=\"article\" \/>\n<meta property=\"og:title\" content=\"Presentaci\u00f3n - Complejo Educativo Liceo Inform\u00e1tico II - Ciudad Educativa\" \/>\n<meta property=\"og:description\" content=\"[vc_row][vc_column width=\u00bb2\/3&#8243;][vc_column_text css=\u00bb.vc_custom_1472818225819{border-left-width: 8px !important;padding-left: 10px !important;border-left-color: #005da3 !important;border-left-style: solid !important;}\u00bb] Con el objetivo de formar y capacitar a adolescentes y adultos en distintas \u00e1reas del conocimiento, surge en 1992 el Liceo Inform\u00e1tico II. [\/vc_column_text][vc_column_text]El Colegio Universitario Liceo Inform\u00e1tico II\u00a0 cumple en 2022 30 a\u00f1os desde su fundaci\u00f3n (1992). Se ha distinguido desde siempre por ... Leer m\u00e1s\" \/>\n<meta property=\"og:url\" content=\"https:\/\/liceoinformatico.edu.ar\/?page_id=19\" \/>\n<meta property=\"og:site_name\" content=\"Complejo Educativo Liceo Inform\u00e1tico II - Ciudad Educativa\" \/>\n<meta property=\"article:modified_time\" content=\"2025-10-04T00:05:30+00:00\" \/>\n<meta name=\"twitter:card\" content=\"summary_large_image\" \/>\n<meta name=\"twitter:label1\" content=\"Tiempo de lectura\" \/>\n\t<meta name=\"twitter:data1\" content=\"3 minutos\" \/>\n<script type=\"application\/ld+json\" class=\"yoast-schema-graph\">{\"@context\":\"https:\/\/schema.org\",\"@graph\":[{\"@type\":\"WebPage\",\"@id\":\"https:\/\/liceoinformatico.edu.ar\/?page_id=19\",\"url\":\"https:\/\/liceoinformatico.edu.ar\/?page_id=19\",\"name\":\"Presentaci\u00f3n - Complejo Educativo Liceo Inform\u00e1tico II - Ciudad Educativa\",\"isPartOf\":{\"@id\":\"https:\/\/liceoinformatico.edu.ar\/#website\"},\"datePublished\":\"2016-07-27T22:02:29+00:00\",\"dateModified\":\"2025-10-04T00:05:30+00:00\",\"breadcrumb\":{\"@id\":\"https:\/\/liceoinformatico.edu.ar\/?page_id=19#breadcrumb\"},\"inLanguage\":\"es\",\"potentialAction\":[{\"@type\":\"ReadAction\",\"target\":[\"https:\/\/liceoinformatico.edu.ar\/?page_id=19\"]}]},{\"@type\":\"BreadcrumbList\",\"@id\":\"https:\/\/liceoinformatico.edu.ar\/?page_id=19#breadcrumb\",\"itemListElement\":[{\"@type\":\"ListItem\",\"position\":1,\"name\":\"Portada\",\"item\":\"https:\/\/liceoinformatico.edu.ar\/\"},{\"@type\":\"ListItem\",\"position\":2,\"name\":\"Presentaci\u00f3n\"}]},{\"@type\":\"WebSite\",\"@id\":\"https:\/\/liceoinformatico.edu.ar\/#website\",\"url\":\"https:\/\/liceoinformatico.edu.ar\/\",\"name\":\"Complejo Educativo Liceo Inform\u00e1tico II - Ciudad Educativa\",\"description\":\"\",\"publisher\":{\"@id\":\"https:\/\/liceoinformatico.edu.ar\/#organization\"},\"potentialAction\":[{\"@type\":\"SearchAction\",\"target\":{\"@type\":\"EntryPoint\",\"urlTemplate\":\"https:\/\/liceoinformatico.edu.ar\/?s={search_term_string}\"},\"query-input\":\"required name=search_term_string\"}],\"inLanguage\":\"es\"},{\"@type\":\"Organization\",\"@id\":\"https:\/\/liceoinformatico.edu.ar\/#organization\",\"name\":\"Complejo Educativo Liceo Inform\u00e1tico II - Ciudad Educativa\",\"url\":\"https:\/\/liceoinformatico.edu.ar\/\",\"logo\":{\"@type\":\"ImageObject\",\"inLanguage\":\"es\",\"@id\":\"https:\/\/liceoinformatico.edu.ar\/#\/schema\/logo\/image\/\",\"url\":\"https:\/\/liceoinformatico.edu.ar\/wp-content\/uploads\/2022\/11\/cropped-header-2.jpg\",\"contentUrl\":\"https:\/\/liceoinformatico.edu.ar\/wp-content\/uploads\/2022\/11\/cropped-header-2.jpg\",\"width\":1022,\"height\":127,\"caption\":\"Complejo Educativo Liceo Inform\u00e1tico II - Ciudad Educativa\"},\"image\":{\"@id\":\"https:\/\/liceoinformatico.edu.ar\/#\/schema\/logo\/image\/\"}}]}<\/script>\n<!-- \/ Yoast SEO plugin. -->","yoast_head_json":{"title":"Presentaci\u00f3n - Complejo Educativo Liceo Inform\u00e1tico II - Ciudad Educativa","robots":{"index":"index","follow":"follow","max-snippet":"max-snippet:-1","max-image-preview":"max-image-preview:large","max-video-preview":"max-video-preview:-1"},"canonical":"https:\/\/liceoinformatico.edu.ar\/?page_id=19","og_locale":"es_ES","og_type":"article","og_title":"Presentaci\u00f3n - Complejo Educativo Liceo Inform\u00e1tico II - Ciudad Educativa","og_description":"[vc_row][vc_column width=\u00bb2\/3&#8243;][vc_column_text css=\u00bb.vc_custom_1472818225819{border-left-width: 8px !important;padding-left: 10px !important;border-left-color: #005da3 !important;border-left-style: solid !important;}\u00bb] Con el objetivo de formar y capacitar a adolescentes y adultos en distintas \u00e1reas del conocimiento, surge en 1992 el Liceo Inform\u00e1tico II. [\/vc_column_text][vc_column_text]El Colegio Universitario Liceo Inform\u00e1tico II\u00a0 cumple en 2022 30 a\u00f1os desde su fundaci\u00f3n (1992). Se ha distinguido desde siempre por ... Leer m\u00e1s","og_url":"https:\/\/liceoinformatico.edu.ar\/?page_id=19","og_site_name":"Complejo Educativo Liceo Inform\u00e1tico II - Ciudad Educativa","article_modified_time":"2025-10-04T00:05:30+00:00","twitter_card":"summary_large_image","twitter_misc":{"Tiempo de lectura":"3 minutos"},"schema":{"@context":"https:\/\/schema.org","@graph":[{"@type":"WebPage","@id":"https:\/\/liceoinformatico.edu.ar\/?page_id=19","url":"https:\/\/liceoinformatico.edu.ar\/?page_id=19","name":"Presentaci\u00f3n - Complejo Educativo Liceo Inform\u00e1tico II - Ciudad Educativa","isPartOf":{"@id":"https:\/\/liceoinformatico.edu.ar\/#website"},"datePublished":"2016-07-27T22:02:29+00:00","dateModified":"2025-10-04T00:05:30+00:00","breadcrumb":{"@id":"https:\/\/liceoinformatico.edu.ar\/?page_id=19#breadcrumb"},"inLanguage":"es","potentialAction":[{"@type":"ReadAction","target":["https:\/\/liceoinformatico.edu.ar\/?page_id=19"]}]},{"@type":"BreadcrumbList","@id":"https:\/\/liceoinformatico.edu.ar\/?page_id=19#breadcrumb","itemListElement":[{"@type":"ListItem","position":1,"name":"Portada","item":"https:\/\/liceoinformatico.edu.ar\/"},{"@type":"ListItem","position":2,"name":"Presentaci\u00f3n"}]},{"@type":"WebSite","@id":"https:\/\/liceoinformatico.edu.ar\/#website","url":"https:\/\/liceoinformatico.edu.ar\/","name":"Complejo Educativo Liceo Inform\u00e1tico II - Ciudad Educativa","description":"","publisher":{"@id":"https:\/\/liceoinformatico.edu.ar\/#organization"},"potentialAction":[{"@type":"SearchAction","target":{"@type":"EntryPoint","urlTemplate":"https:\/\/liceoinformatico.edu.ar\/?s={search_term_string}"},"query-input":"required name=search_term_string"}],"inLanguage":"es"},{"@type":"Organization","@id":"https:\/\/liceoinformatico.edu.ar\/#organization","name":"Complejo Educativo Liceo Inform\u00e1tico II - Ciudad Educativa","url":"https:\/\/liceoinformatico.edu.ar\/","logo":{"@type":"ImageObject","inLanguage":"es","@id":"https:\/\/liceoinformatico.edu.ar\/#\/schema\/logo\/image\/","url":"https:\/\/liceoinformatico.edu.ar\/wp-content\/uploads\/2022\/11\/cropped-header-2.jpg","contentUrl":"https:\/\/liceoinformatico.edu.ar\/wp-content\/uploads\/2022\/11\/cropped-header-2.jpg","width":1022,"height":127,"caption":"Complejo Educativo Liceo Inform\u00e1tico II - Ciudad Educativa"},"image":{"@id":"https:\/\/liceoinformatico.edu.ar\/#\/schema\/logo\/image\/"}}]}},"_links":{"self":[{"href":"https:\/\/liceoinformatico.edu.ar\/index.php?rest_route=\/wp\/v2\/pages\/19"}],"collection":[{"href":"https:\/\/liceoinformatico.edu.ar\/index.php?rest_route=\/wp\/v2\/pages"}],"about":[{"href":"https:\/\/liceoinformatico.edu.ar\/index.php?rest_route=\/wp\/v2\/types\/page"}],"author":[{"embeddable":true,"href":"https:\/\/liceoinformatico.edu.ar\/index.php?rest_route=\/wp\/v2\/users\/1"}],"replies":[{"embeddable":true,"href":"https:\/\/liceoinformatico.edu.ar\/index.php?rest_route=%2Fwp%2Fv2%2Fcomments&post=19"}],"version-history":[{"count":11,"href":"https:\/\/liceoinformatico.edu.ar\/index.php?rest_route=\/wp\/v2\/pages\/19\/revisions"}],"predecessor-version":[{"id":1996,"href":"https:\/\/liceoinformatico.edu.ar\/index.php?rest_route=\/wp\/v2\/pages\/19\/revisions\/1996"}],"wp:attachment":[{"href":"https:\/\/liceoinformatico.edu.ar\/index.php?rest_route=%2Fwp%2Fv2%2Fmedia&parent=19"}],"curies":[{"name":"wp","href":"https:\/\/api.w.org\/{rel}","templated":true}]}}