{"id":1517,"date":"2022-11-15T16:47:47","date_gmt":"2022-11-15T16:47:47","guid":{"rendered":"https:\/\/liceoprueba.online\/?page_id=1517"},"modified":"2022-11-16T08:58:23","modified_gmt":"2022-11-16T08:58:23","slug":"nivel-secundario","status":"publish","type":"page","link":"https:\/\/liceoinformatico.edu.ar\/?page_id=1517","title":{"rendered":"Nivel Secundario"},"content":{"rendered":"<p>[vc_row][vc_column width=\u00bb2\/3&#8243;][vc_tta_tour color=\u00bbblue\u00bb active_section=\u00bb1&#8243;][vc_tta_section title=\u00bbHistoria\u00bb tab_id=\u00bb1668499846918-c8b5a2be-6c19&#8243;][vc_wp_text]Nuestra historia demuestra que el colegio hizo punta en la incorporaci\u00f3n de tecnolog\u00eda inform\u00e1tica, de comunicaciones y rob\u00f3tica en la ense\u00f1anza; en el desarrollo de programas educativos flexibles e integradores centrados en el alumnado y sus particularidades; en la creaci\u00f3n de propuestas de formaci\u00f3n con potente comprensi\u00f3n del impacto de las transformaciones tecnol\u00f3gicas en la vida de la sociedad.[\/vc_wp_text][\/vc_tta_section][vc_tta_section title=\u00bbProyecto\u00bb tab_id=\u00bb1668499846918-5ba0cd8a-aff7&#8243;][vc_wp_text]En concordancia con la Convenci\u00f3n Internacional sobre los Derechos de\u00a0la Ni\u00f1ez consideramos a los ni\u00f1os y las ni\u00f1as como sujetos de derecho, no solo\u00a0portadores de derechos futuros, sino sujetos que los ejercen en el presente. En\u00a0este sentido la escuela primaria genera un espacio de encuentro entre ni\u00f1os\/as\u00a0y adultos, basado en la confianza, el cuidado y la creaci\u00f3n de ambientes que\u00a0propician desarrollo creciente de la autonom\u00eda del alumnado.<br \/>\nLas propuestas pedag\u00f3gico-educativas deben contribuir para avanzar hacia una educaci\u00f3n m\u00e1s inclusiva, flexible y relevante para los\/as ni\u00f1os\/as.[\/vc_wp_text][\/vc_tta_section][vc_tta_section title=\u00bbHorarios\u00bb tab_id=\u00bb1668499895852-69ac3da6-973d\u00bb][vc_wp_text]El nivel Secundario funciona en el turno ma\u00f1ana y turno tarde.<\/p>\n<p>Turno Ma\u00f1ana de 7.15 hs a 13.05 hs<\/p>\n<p>Turno Tarde de 13.15 hs a 18.40 hs<\/p>\n<p>La actividad de Educaci\u00f3n F\u00edsica funciona dentro del mismo turno al que el alumnado asiste.[\/vc_wp_text][\/vc_tta_section][vc_tta_section title=\u00bbUniformes\u00bb tab_id=\u00bb1668499916867-dd3ea01e-f9f2&#8243;][vc_wp_text]Invierno:<\/p>\n<p>Buzo Negro\/ Remera Blanca con el logo del colegio \/ Pantal\u00f3n negro<\/p>\n<p>Verano:<\/p>\n<p>Remera Blanca con el logo del colegio \/\u00a0Pantal\u00f3n pescador negro[\/vc_wp_text][\/vc_tta_section][vc_tta_section title=\u00bbEquipo\u00bb tab_id=\u00bb1668499920025-c389b3d2-5e6b\u00bb][vc_wp_text]Todos sus integrantes deber\u00e1n tener una formaci\u00f3n profesional y \u00e9tica a fin de poder propiciar al alumnado pr\u00e1cticas responsables, comprometidas y reflexivas, a fin de lograr aprendizajes significativos. Esto se lograr\u00e1 mediante los acuerdos y estrategias a desarrollar con la comunidad educativa.[\/vc_wp_text][\/vc_tta_section][vc_tta_section title=\u00bbAdministraci\u00f3n\u00bb tab_id=\u00bb1668499923151-eaba0074-a084&#8243;][vc_wp_text]<\/p>\n<ol>\n<li>Contactos 412555\/415777\u00a0 Whatsapp 2954336563<\/li>\n<li>Aranceles\u00a0Se abona una matr\u00edcula anual y cuota mensual consecutivas<\/li>\n<li>Solicitud de Inscripci\u00f3n<\/li>\n<li>Ficha m\u00e9dica<\/li>\n<\/ol>\n<p>[\/vc_wp_text][\/vc_tta_section][vc_tta_section title=\u00bbComedor\u00bb tab_id=\u00bb1668499892205-3178108a-70dd\u00bb][vc_wp_text]<\/p>\n<p>Los ni\u00f1os y ni\u00f1as del Jard\u00edn cuentan con el desayuno, almuerzo y merienda. Basada en una dieta equilibrada acorde a las necesidades nutritivas de la primera infancia.<\/p>\n<p>Se sostiene gracias a la colaboraci\u00f3n del proyecto de la FuPEST.[\/vc_wp_text][\/vc_tta_section][vc_tta_section title=\u00bbJovenes y Adultos\u00bb tab_id=\u00bb1668530810086-5eebcfa5-45ac\u00bb][vc_wp_text]<b>HISTORIA Y FUNDAMENTACI\u00d3N<\/b><\/p>\n<p>El Colegio Universitario Liceo Inform\u00e1tico II tiene como misi\u00f3n institucional contribuir a satisfacer las necesidades de los y las estudiantes que deseen culminar con sus estudios secundarios o poder comprender el mundo que los rodea de una manera diferente.\u00a0Que el Colegio Universitario Liceo Inform\u00e1tico II, pertenezca a la Modalidad EPJA, ha permitido abrir un nuevo horizonte para alumnos que estaban pr\u00e1cticamente excluidos de las escuelas, ha posibilitado la toma de conciencia acerca de la realidad y de la profunda problem\u00e1tica pol\u00edtica, socio-econ\u00f3mica y cultural que nos afecta \u2013 en especial a algunos sectores de la sociedad -, viabilizando una propuesta concreta para actuar con visi\u00f3n transformadora. As\u00ed mismo, ha permitido brindarle una nueva oportunidad de finalizar sus estudios secundarios, para que, de esta manera, puedan insertarse en el mundo laboral o continuar con una formaci\u00f3n profesional.<\/p>\n<p><b>HORARIOS<\/b><\/p>\n<p>La Modalidad EPJA funciona en el turno tarde, de las 13.15 a las 17.30 hs<\/p>\n<p>&nbsp;<\/p>\n<p><b>NUESTRO EQUIPO<\/b><\/p>\n<p>Todos sus integrantes deber\u00e1n tener una formaci\u00f3n profesional y \u00e9tica a fin de poder propiciar al alumnado pr\u00e1cticas responsables, comprometidas y reflexivas, a fin de lograr aprendizajes significativos. Esto se lograr\u00e1 mediante los acuerdos y estrategias a desarrollar con la comunidad educativa.<\/p>\n<p>&nbsp;<\/p>\n<p><b>ADMINISTRACI\u00d3N\u00a0<\/b><\/p>\n<ol>\n<li>Contactos: 412555\/415777\u00a0 Whatsapp 2954336563<\/li>\n<li>Aranceles\u00a0Se abona una matr\u00edcula anual y\u00a0 cuota mensual<\/li>\n<li>Solicitud de Inscripci\u00f3n<\/li>\n<\/ol>\n<p>[\/vc_wp_text][\/vc_tta_section][\/vc_tta_tour][vc_text_separator title=\u00bbNoticias\u00bb color=\u00bbblue\u00bb][vc_masonry_grid post_type=\u00bbpost\u00bb max_items=\u00bb3&#8243; style=\u00bblazy\u00bb items_per_page=\u00bb3&#8243; gap=\u00bb1&#8243; item=\u00bb405&#8243; grid_id=\u00bbvc_gid:1668589068504-ef1b07da4305e6cda784b67955fa4699-6&#8243;][\/vc_column][vc_column width=\u00bb1\/3&#8243;][vc_gallery interval=\u00bb5&#8243; images=\u00bb1481&#8243; onclick=\u00bbimg_link_large\u00bb]\n<div class=\"wpcf7 no-js\" id=\"wpcf7-f4-o1\" lang=\"es-ES\" dir=\"ltr\">\n<div class=\"screen-reader-response\"><p role=\"status\" aria-live=\"polite\" aria-atomic=\"true\"><\/p> <ul><\/ul><\/div>\n<form action=\"\/index.php?rest_route=%2Fwp%2Fv2%2Fpages%2F1517#wpcf7-f4-o1\" method=\"post\" class=\"wpcf7-form init\" aria-label=\"Formulario de contacto\" novalidate=\"novalidate\" data-status=\"init\">\n<div style=\"display: none;\">\n<input type=\"hidden\" name=\"_wpcf7\" value=\"4\" \/>\n<input type=\"hidden\" name=\"_wpcf7_version\" value=\"5.8.6\" \/>\n<input type=\"hidden\" name=\"_wpcf7_locale\" value=\"es_ES\" \/>\n<input type=\"hidden\" name=\"_wpcf7_unit_tag\" value=\"wpcf7-f4-o1\" \/>\n<input type=\"hidden\" name=\"_wpcf7_container_post\" value=\"0\" \/>\n<input type=\"hidden\" name=\"_wpcf7_posted_data_hash\" value=\"\" \/>\n<\/div>\n<h3>SOLICITAR INFO\n<\/h3>\n<p>\u00bfQuer\u00e9s estudiar en Liceo Inform\u00e1tico?<br \/>\nConsultanos a trav\u00e9s del formulario y te responderemos a la brevedad.\n<\/p>\n<p><span class=\"wpcf7-form-control-wrap\" data-name=\"Sector\"><select class=\"wpcf7-form-control wpcf7-select wpcf7-validates-as-required\" aria-required=\"true\" aria-invalid=\"false\" name=\"Sector\"><option value=\"Seleccione su inter\u00e9s\">Seleccione su inter\u00e9s<\/option><option value=\"Educaci\u00f3n Inicial\">Educaci\u00f3n Inicial<\/option><option value=\"Educaci\u00f3n Primaria\">Educaci\u00f3n Primaria<\/option><option value=\"Educaci\u00f3n Secundaria\">Educaci\u00f3n Secundaria<\/option><option value=\"Epja - Secundario Para Adultos\">Epja - Secundario Para Adultos<\/option><option value=\"Nivel Superior - Tecnicaturas\">Nivel Superior - Tecnicaturas<\/option><option value=\"Nivel Superior - Profesorados\">Nivel Superior - Profesorados<\/option><option value=\"Formaci\u00f3n Docente Continua\">Formaci\u00f3n Docente Continua<\/option><\/select><\/span>\n<\/p>\n<p><span class=\"wpcf7-form-control-wrap\" data-name=\"your-name\"><input size=\"40\" class=\"wpcf7-form-control wpcf7-text wpcf7-validates-as-required\" aria-required=\"true\" aria-invalid=\"false\" placeholder=\"Nombre y Apellido\" value=\"\" type=\"text\" name=\"your-name\" \/><\/span>\n<\/p>\n<p><span class=\"wpcf7-form-control-wrap\" data-name=\"your-email\"><input size=\"40\" class=\"wpcf7-form-control wpcf7-email wpcf7-validates-as-required wpcf7-text wpcf7-validates-as-email\" aria-required=\"true\" aria-invalid=\"false\" placeholder=\"E-mail\" value=\"\" type=\"email\" name=\"your-email\" \/><\/span>\n<\/p>\n<p><span class=\"wpcf7-form-control-wrap\" data-name=\"localidad\"><input size=\"40\" class=\"wpcf7-form-control wpcf7-text wpcf7-validates-as-required\" aria-required=\"true\" aria-invalid=\"false\" placeholder=\"Tel\u00e9fono\/Celular\" value=\"\" type=\"text\" name=\"localidad\" \/><\/span>\n<\/p>\n<p><span class=\"wpcf7-form-control-wrap\" data-name=\"your-message\"><textarea cols=\"40\" rows=\"10\" class=\"wpcf7-form-control wpcf7-textarea\" aria-invalid=\"false\" placeholder=\"Su consulta\" name=\"your-message\"><\/textarea><\/span>\n<\/p>\n<p><input class=\"wpcf7-form-control wpcf7-submit has-spinner\" type=\"submit\" value=\"Enviar\" \/>\n<\/p><p style=\"display: none !important;\" class=\"akismet-fields-container\" data-prefix=\"_wpcf7_ak_\"><label>&#916;<textarea name=\"_wpcf7_ak_hp_textarea\" cols=\"45\" rows=\"8\" maxlength=\"100\"><\/textarea><\/label><input type=\"hidden\" id=\"ak_js_1\" name=\"_wpcf7_ak_js\" value=\"43\"\/><script>document.getElementById( \"ak_js_1\" ).setAttribute( \"value\", ( new Date() ).getTime() );<\/script><\/p><div class=\"wpcf7-response-output\" aria-hidden=\"true\"><\/div>\n<\/form>\n<\/div>\n[\/vc_column][\/vc_row]<\/p>\n","protected":false},"excerpt":{"rendered":"<p>[vc_row][vc_column width=\u00bb2\/3&#8243;][vc_tta_tour color=\u00bbblue\u00bb active_section=\u00bb1&#8243;][vc_tta_section title=\u00bbHistoria\u00bb tab_id=\u00bb1668499846918-c8b5a2be-6c19&#8243;][vc_wp_text]Nuestra historia demuestra que el colegio hizo punta en la incorporaci\u00f3n de tecnolog\u00eda inform\u00e1tica, de comunicaciones y rob\u00f3tica en la ense\u00f1anza; en el desarrollo de programas educativos flexibles e integradores centrados en el alumnado y sus particularidades; en la creaci\u00f3n de propuestas de formaci\u00f3n con potente comprensi\u00f3n del impacto de &#8230; <a class=\"read-more\" href=\"https:\/\/liceoinformatico.edu.ar\/?page_id=1517\">Leer m\u00e1s<\/a><\/p>\n","protected":false},"author":5,"featured_media":0,"parent":0,"menu_order":0,"comment_status":"closed","ping_status":"closed","template":"","meta":{"footnotes":"","_joinchat":[]},"acf":[],"yoast_head":"<!-- This site is optimized with the Yoast SEO plugin v21.9.1 - https:\/\/yoast.com\/wordpress\/plugins\/seo\/ -->\n<title>Nivel Secundario - Complejo Educativo Liceo Inform\u00e1tico II - Ciudad Educativa<\/title>\n<meta name=\"robots\" content=\"index, follow, max-snippet:-1, max-image-preview:large, max-video-preview:-1\" \/>\n<link rel=\"canonical\" href=\"https:\/\/liceoinformatico.edu.ar\/?page_id=1517\" \/>\n<meta property=\"og:locale\" content=\"es_ES\" \/>\n<meta property=\"og:type\" content=\"article\" \/>\n<meta property=\"og:title\" content=\"Nivel Secundario - Complejo Educativo Liceo Inform\u00e1tico II - Ciudad Educativa\" \/>\n<meta property=\"og:description\" content=\"[vc_row][vc_column width=\u00bb2\/3&#8243;][vc_tta_tour color=\u00bbblue\u00bb active_section=\u00bb1&#8243;][vc_tta_section title=\u00bbHistoria\u00bb tab_id=\u00bb1668499846918-c8b5a2be-6c19&#8243;][vc_wp_text]Nuestra historia demuestra que el colegio hizo punta en la incorporaci\u00f3n de tecnolog\u00eda inform\u00e1tica, de comunicaciones y rob\u00f3tica en la ense\u00f1anza; en el desarrollo de programas educativos flexibles e integradores centrados en el alumnado y sus particularidades; en la creaci\u00f3n de propuestas de formaci\u00f3n con potente comprensi\u00f3n del impacto de ... Leer m\u00e1s\" \/>\n<meta property=\"og:url\" content=\"https:\/\/liceoinformatico.edu.ar\/?page_id=1517\" \/>\n<meta property=\"og:site_name\" content=\"Complejo Educativo Liceo Inform\u00e1tico II - Ciudad Educativa\" \/>\n<meta property=\"article:modified_time\" content=\"2022-11-16T08:58:23+00:00\" \/>\n<meta name=\"twitter:card\" content=\"summary_large_image\" \/>\n<meta name=\"twitter:label1\" content=\"Tiempo de lectura\" \/>\n\t<meta name=\"twitter:data1\" content=\"4 minutos\" \/>\n<script type=\"application\/ld+json\" class=\"yoast-schema-graph\">{\"@context\":\"https:\/\/schema.org\",\"@graph\":[{\"@type\":\"WebPage\",\"@id\":\"https:\/\/liceoinformatico.edu.ar\/?page_id=1517\",\"url\":\"https:\/\/liceoinformatico.edu.ar\/?page_id=1517\",\"name\":\"Nivel Secundario - Complejo Educativo Liceo Inform\u00e1tico II - Ciudad Educativa\",\"isPartOf\":{\"@id\":\"https:\/\/liceoinformatico.edu.ar\/#website\"},\"datePublished\":\"2022-11-15T16:47:47+00:00\",\"dateModified\":\"2022-11-16T08:58:23+00:00\",\"breadcrumb\":{\"@id\":\"https:\/\/liceoinformatico.edu.ar\/?page_id=1517#breadcrumb\"},\"inLanguage\":\"es\",\"potentialAction\":[{\"@type\":\"ReadAction\",\"target\":[\"https:\/\/liceoinformatico.edu.ar\/?page_id=1517\"]}]},{\"@type\":\"BreadcrumbList\",\"@id\":\"https:\/\/liceoinformatico.edu.ar\/?page_id=1517#breadcrumb\",\"itemListElement\":[{\"@type\":\"ListItem\",\"position\":1,\"name\":\"Portada\",\"item\":\"https:\/\/liceoinformatico.edu.ar\/\"},{\"@type\":\"ListItem\",\"position\":2,\"name\":\"Nivel Secundario\"}]},{\"@type\":\"WebSite\",\"@id\":\"https:\/\/liceoinformatico.edu.ar\/#website\",\"url\":\"https:\/\/liceoinformatico.edu.ar\/\",\"name\":\"Complejo Educativo Liceo Inform\u00e1tico II - Ciudad Educativa\",\"description\":\"\",\"publisher\":{\"@id\":\"https:\/\/liceoinformatico.edu.ar\/#organization\"},\"potentialAction\":[{\"@type\":\"SearchAction\",\"target\":{\"@type\":\"EntryPoint\",\"urlTemplate\":\"https:\/\/liceoinformatico.edu.ar\/?s={search_term_string}\"},\"query-input\":\"required name=search_term_string\"}],\"inLanguage\":\"es\"},{\"@type\":\"Organization\",\"@id\":\"https:\/\/liceoinformatico.edu.ar\/#organization\",\"name\":\"Complejo Educativo Liceo Inform\u00e1tico II - Ciudad Educativa\",\"url\":\"https:\/\/liceoinformatico.edu.ar\/\",\"logo\":{\"@type\":\"ImageObject\",\"inLanguage\":\"es\",\"@id\":\"https:\/\/liceoinformatico.edu.ar\/#\/schema\/logo\/image\/\",\"url\":\"https:\/\/liceoinformatico.edu.ar\/wp-content\/uploads\/2022\/11\/cropped-header-2.jpg\",\"contentUrl\":\"https:\/\/liceoinformatico.edu.ar\/wp-content\/uploads\/2022\/11\/cropped-header-2.jpg\",\"width\":1022,\"height\":127,\"caption\":\"Complejo Educativo Liceo Inform\u00e1tico II - Ciudad Educativa\"},\"image\":{\"@id\":\"https:\/\/liceoinformatico.edu.ar\/#\/schema\/logo\/image\/\"}}]}<\/script>\n<!-- \/ Yoast SEO plugin. -->","yoast_head_json":{"title":"Nivel Secundario - Complejo Educativo Liceo Inform\u00e1tico II - Ciudad Educativa","robots":{"index":"index","follow":"follow","max-snippet":"max-snippet:-1","max-image-preview":"max-image-preview:large","max-video-preview":"max-video-preview:-1"},"canonical":"https:\/\/liceoinformatico.edu.ar\/?page_id=1517","og_locale":"es_ES","og_type":"article","og_title":"Nivel Secundario - Complejo Educativo Liceo Inform\u00e1tico II - Ciudad Educativa","og_description":"[vc_row][vc_column width=\u00bb2\/3&#8243;][vc_tta_tour color=\u00bbblue\u00bb active_section=\u00bb1&#8243;][vc_tta_section title=\u00bbHistoria\u00bb tab_id=\u00bb1668499846918-c8b5a2be-6c19&#8243;][vc_wp_text]Nuestra historia demuestra que el colegio hizo punta en la incorporaci\u00f3n de tecnolog\u00eda inform\u00e1tica, de comunicaciones y rob\u00f3tica en la ense\u00f1anza; en el desarrollo de programas educativos flexibles e integradores centrados en el alumnado y sus particularidades; en la creaci\u00f3n de propuestas de formaci\u00f3n con potente comprensi\u00f3n del impacto de ... Leer m\u00e1s","og_url":"https:\/\/liceoinformatico.edu.ar\/?page_id=1517","og_site_name":"Complejo Educativo Liceo Inform\u00e1tico II - Ciudad Educativa","article_modified_time":"2022-11-16T08:58:23+00:00","twitter_card":"summary_large_image","twitter_misc":{"Tiempo de lectura":"4 minutos"},"schema":{"@context":"https:\/\/schema.org","@graph":[{"@type":"WebPage","@id":"https:\/\/liceoinformatico.edu.ar\/?page_id=1517","url":"https:\/\/liceoinformatico.edu.ar\/?page_id=1517","name":"Nivel Secundario - Complejo Educativo Liceo Inform\u00e1tico II - Ciudad Educativa","isPartOf":{"@id":"https:\/\/liceoinformatico.edu.ar\/#website"},"datePublished":"2022-11-15T16:47:47+00:00","dateModified":"2022-11-16T08:58:23+00:00","breadcrumb":{"@id":"https:\/\/liceoinformatico.edu.ar\/?page_id=1517#breadcrumb"},"inLanguage":"es","potentialAction":[{"@type":"ReadAction","target":["https:\/\/liceoinformatico.edu.ar\/?page_id=1517"]}]},{"@type":"BreadcrumbList","@id":"https:\/\/liceoinformatico.edu.ar\/?page_id=1517#breadcrumb","itemListElement":[{"@type":"ListItem","position":1,"name":"Portada","item":"https:\/\/liceoinformatico.edu.ar\/"},{"@type":"ListItem","position":2,"name":"Nivel Secundario"}]},{"@type":"WebSite","@id":"https:\/\/liceoinformatico.edu.ar\/#website","url":"https:\/\/liceoinformatico.edu.ar\/","name":"Complejo Educativo Liceo Inform\u00e1tico II - Ciudad Educativa","description":"","publisher":{"@id":"https:\/\/liceoinformatico.edu.ar\/#organization"},"potentialAction":[{"@type":"SearchAction","target":{"@type":"EntryPoint","urlTemplate":"https:\/\/liceoinformatico.edu.ar\/?s={search_term_string}"},"query-input":"required name=search_term_string"}],"inLanguage":"es"},{"@type":"Organization","@id":"https:\/\/liceoinformatico.edu.ar\/#organization","name":"Complejo Educativo Liceo Inform\u00e1tico II - Ciudad Educativa","url":"https:\/\/liceoinformatico.edu.ar\/","logo":{"@type":"ImageObject","inLanguage":"es","@id":"https:\/\/liceoinformatico.edu.ar\/#\/schema\/logo\/image\/","url":"https:\/\/liceoinformatico.edu.ar\/wp-content\/uploads\/2022\/11\/cropped-header-2.jpg","contentUrl":"https:\/\/liceoinformatico.edu.ar\/wp-content\/uploads\/2022\/11\/cropped-header-2.jpg","width":1022,"height":127,"caption":"Complejo Educativo Liceo Inform\u00e1tico II - Ciudad Educativa"},"image":{"@id":"https:\/\/liceoinformatico.edu.ar\/#\/schema\/logo\/image\/"}}]}},"_links":{"self":[{"href":"https:\/\/liceoinformatico.edu.ar\/index.php?rest_route=\/wp\/v2\/pages\/1517"}],"collection":[{"href":"https:\/\/liceoinformatico.edu.ar\/index.php?rest_route=\/wp\/v2\/pages"}],"about":[{"href":"https:\/\/liceoinformatico.edu.ar\/index.php?rest_route=\/wp\/v2\/types\/page"}],"author":[{"embeddable":true,"href":"https:\/\/liceoinformatico.edu.ar\/index.php?rest_route=\/wp\/v2\/users\/5"}],"replies":[{"embeddable":true,"href":"https:\/\/liceoinformatico.edu.ar\/index.php?rest_route=%2Fwp%2Fv2%2Fcomments&post=1517"}],"version-history":[{"count":3,"href":"https:\/\/liceoinformatico.edu.ar\/index.php?rest_route=\/wp\/v2\/pages\/1517\/revisions"}],"predecessor-version":[{"id":1574,"href":"https:\/\/liceoinformatico.edu.ar\/index.php?rest_route=\/wp\/v2\/pages\/1517\/revisions\/1574"}],"wp:attachment":[{"href":"https:\/\/liceoinformatico.edu.ar\/index.php?rest_route=%2Fwp%2Fv2%2Fmedia&parent=1517"}],"curies":[{"name":"wp","href":"https:\/\/api.w.org\/{rel}","templated":true}]}}