{"id":1515,"date":"2022-11-15T15:13:00","date_gmt":"2022-11-15T15:13:00","guid":{"rendered":"https:\/\/liceoprueba.online\/?page_id=1515"},"modified":"2022-11-16T08:37:37","modified_gmt":"2022-11-16T08:37:37","slug":"nivel-superior-carreras","status":"publish","type":"page","link":"https:\/\/liceoinformatico.edu.ar\/?page_id=1515","title":{"rendered":"Nivel Superior &#8211; Carreras"},"content":{"rendered":"<p>[vc_row][vc_column width=\u00bb2\/3&#8243;][vc_tta_tour color=\u00bbblue\u00bb active_section=\u00bb1&#8243;][vc_tta_section title=\u00bbHistoria\u00bb tab_id=\u00bb1668499846918-c8b5a2be-6c19&#8243;][vc_wp_text]Reconocer que la educaci\u00f3n es un proceso pol\u00edtico, hist\u00f3rico y social es afirmar que encierra en s\u00ed la necesidad de la transformaci\u00f3n, pero es tambi\u00e9n atribuirle un aspecto de conservaci\u00f3n que otorga identidad, sentido y temporalidad a las pr\u00e1cticas educativas y a las propias instituciones que las enmarcan. El Nivel Superior cuenta con 30 a\u00f1os de trayectoria brindando una oferta acad\u00e9mica de tecnicaturas, profesorados y postitulos dise\u00f1ados en el marco de los lineamientos de la pol\u00edtica nacional y provincial con el prop\u00f3sito de responder a la necesidad de mejorar la calidad de la formaci\u00f3n profesional como una apuesta estrat\u00e9gica que promueve el impacto en el conjunto del sistema educativo, econ\u00f3mico, pol\u00edtico y social. Si en las postrimer\u00edas del siglo XX el desarrollo de las Tecnolog\u00edas de la Informaci\u00f3n y las Comunicaciones resultaba ya apabullante, en los inicios del siglo XXI se ha acelerado el desarrollo de innovaciones en ese campo tecnol\u00f3gico que inexorablemente han de conducir a una profunda transformaci\u00f3n en los modos de trabajar, aprender y ense\u00f1ar, ocupar el tiempo libre, intercambiar informaci\u00f3n y comunicaciones. En esta l\u00ednea, el Nivel Superior del Complejo Universitario Liceo Inform\u00e1tico II y los actores educativos fortalecen a diario los v\u00ednculos con el campo profesional para los cuales se forma.[\/vc_wp_text][\/vc_tta_section][vc_tta_section title=\u00bbProyecto\u00bb tab_id=\u00bb1668499846918-5ba0cd8a-aff7&#8243;][vc_wp_text]Este proyecto impulsa lo establecido en el art\u00edculo 4\u00ba de la Ley de Educaci\u00f3n Nacional N\u00ba 26.206 en el cual se establece que el Estado Nacional y las Provincias tienen la responsabilidad principal e indelegable de proveer una educaci\u00f3n integral, permanente y de calidad para todos\/as los\/as habitantes de la Naci\u00f3n, garantizando la igualdad y equidad en el ejercicio de este derecho. En el marco de las demandas y necesidades de la sociedad de la informaci\u00f3n y el conocimiento, el proyecto se propone el desarrollo de las competencias necesarias para el manejo de los nuevos lenguajes producidos por las tecnolog\u00edas de la informaci\u00f3n y la comunicaci\u00f3n; promover la alfabetizaci\u00f3n digital, centrada en el aprendizaje de competencias y saberes necesarios para la integraci\u00f3n en la cultura digital y en la sociedad del futuro; promover la ense\u00f1anza para articular los fundamentos te\u00f3rico- metodol\u00f3gicos y las estrategias que sustentan la propuesta de ense\u00f1ar y evaluar en el marco de las capacidades profesionales de la formaci\u00f3n profesional; complementar conocimientos, experiencias y pr\u00e1cticas integrando los saberes conceptuales implicados en las capacidades con las estrategias a trav\u00e9s de las cuales se construyen los conceptos y las capacidades a desarrollar. Las capacidades se convierten en un objeto de estudio en s\u00ed mismo. En esta l\u00ednea, se parte de la necesidad de profundizar la apropiaci\u00f3n de los conocimientos contextualizados, promoviendo no s\u00f3lo el dominio de los conocimientos sino la utilizaci\u00f3n de los mismos para llevar adelante las capacidades profesionales e intervenir en situaciones propias de la pr\u00e1ctica profesional.[\/vc_wp_text][\/vc_tta_section][vc_tta_section title=\u00bbHorarios\u00bb tab_id=\u00bb1668499895852-69ac3da6-973d\u00bb][vc_wp_text]El nivel Superior funciona de lunes a viernes de 16 hs a 22:40 hs y los s\u00e1bados de 8 hs a 16 hs.[\/vc_wp_text][\/vc_tta_section][\/vc_tta_tour][vc_row_inner][vc_column_inner][vc_text_separator title=\u00bbNoticias\u00bb color=\u00bbblue\u00bb][vc_masonry_grid post_type=\u00bbpost\u00bb max_items=\u00bb3&#8243; style=\u00bblazy\u00bb items_per_page=\u00bb3&#8243; gap=\u00bb1&#8243; item=\u00bb405&#8243; grid_id=\u00bbvc_gid:1668532188162-bbaf12ab74f716a4b77665eb86c70ca0-10&#8243;][\/vc_column_inner][\/vc_row_inner][\/vc_column][vc_column width=\u00bb1\/3&#8243;][vc_gallery interval=\u00bb5&#8243; images=\u00bb1482&#8243; onclick=\u00bbimg_link_large\u00bb]\n<div class=\"wpcf7 no-js\" id=\"wpcf7-f4-o1\" lang=\"es-ES\" dir=\"ltr\">\n<div class=\"screen-reader-response\"><p role=\"status\" aria-live=\"polite\" aria-atomic=\"true\"><\/p> <ul><\/ul><\/div>\n<form action=\"\/index.php?rest_route=%2Fwp%2Fv2%2Fpages%2F1515#wpcf7-f4-o1\" method=\"post\" class=\"wpcf7-form init\" aria-label=\"Formulario de contacto\" novalidate=\"novalidate\" data-status=\"init\">\n<div style=\"display: none;\">\n<input type=\"hidden\" name=\"_wpcf7\" value=\"4\" \/>\n<input type=\"hidden\" name=\"_wpcf7_version\" value=\"5.8.6\" \/>\n<input type=\"hidden\" name=\"_wpcf7_locale\" value=\"es_ES\" \/>\n<input type=\"hidden\" name=\"_wpcf7_unit_tag\" value=\"wpcf7-f4-o1\" \/>\n<input type=\"hidden\" name=\"_wpcf7_container_post\" value=\"0\" \/>\n<input type=\"hidden\" name=\"_wpcf7_posted_data_hash\" value=\"\" \/>\n<\/div>\n<h3>SOLICITAR INFO\n<\/h3>\n<p>\u00bfQuer\u00e9s estudiar en Liceo Inform\u00e1tico?<br \/>\nConsultanos a trav\u00e9s del formulario y te responderemos a la brevedad.\n<\/p>\n<p><span class=\"wpcf7-form-control-wrap\" data-name=\"Sector\"><select class=\"wpcf7-form-control wpcf7-select wpcf7-validates-as-required\" aria-required=\"true\" aria-invalid=\"false\" name=\"Sector\"><option value=\"Seleccione su inter\u00e9s\">Seleccione su inter\u00e9s<\/option><option value=\"Educaci\u00f3n Inicial\">Educaci\u00f3n Inicial<\/option><option value=\"Educaci\u00f3n Primaria\">Educaci\u00f3n Primaria<\/option><option value=\"Educaci\u00f3n Secundaria\">Educaci\u00f3n Secundaria<\/option><option value=\"Epja - Secundario Para Adultos\">Epja - Secundario Para Adultos<\/option><option value=\"Nivel Superior - Tecnicaturas\">Nivel Superior - Tecnicaturas<\/option><option value=\"Nivel Superior - Profesorados\">Nivel Superior - Profesorados<\/option><option value=\"Formaci\u00f3n Docente Continua\">Formaci\u00f3n Docente Continua<\/option><\/select><\/span>\n<\/p>\n<p><span class=\"wpcf7-form-control-wrap\" data-name=\"your-name\"><input size=\"40\" class=\"wpcf7-form-control wpcf7-text wpcf7-validates-as-required\" aria-required=\"true\" aria-invalid=\"false\" placeholder=\"Nombre y Apellido\" value=\"\" type=\"text\" name=\"your-name\" \/><\/span>\n<\/p>\n<p><span class=\"wpcf7-form-control-wrap\" data-name=\"your-email\"><input size=\"40\" class=\"wpcf7-form-control wpcf7-email wpcf7-validates-as-required wpcf7-text wpcf7-validates-as-email\" aria-required=\"true\" aria-invalid=\"false\" placeholder=\"E-mail\" value=\"\" type=\"email\" name=\"your-email\" \/><\/span>\n<\/p>\n<p><span class=\"wpcf7-form-control-wrap\" data-name=\"localidad\"><input size=\"40\" class=\"wpcf7-form-control wpcf7-text wpcf7-validates-as-required\" aria-required=\"true\" aria-invalid=\"false\" placeholder=\"Tel\u00e9fono\/Celular\" value=\"\" type=\"text\" name=\"localidad\" \/><\/span>\n<\/p>\n<p><span class=\"wpcf7-form-control-wrap\" data-name=\"your-message\"><textarea cols=\"40\" rows=\"10\" class=\"wpcf7-form-control wpcf7-textarea\" aria-invalid=\"false\" placeholder=\"Su consulta\" name=\"your-message\"><\/textarea><\/span>\n<\/p>\n<p><input class=\"wpcf7-form-control wpcf7-submit has-spinner\" type=\"submit\" value=\"Enviar\" \/>\n<\/p><p style=\"display: none !important;\" class=\"akismet-fields-container\" data-prefix=\"_wpcf7_ak_\"><label>&#916;<textarea name=\"_wpcf7_ak_hp_textarea\" cols=\"45\" rows=\"8\" maxlength=\"100\"><\/textarea><\/label><input type=\"hidden\" id=\"ak_js_1\" name=\"_wpcf7_ak_js\" value=\"191\"\/><script>document.getElementById( \"ak_js_1\" ).setAttribute( \"value\", ( new Date() ).getTime() );<\/script><\/p><div class=\"wpcf7-response-output\" aria-hidden=\"true\"><\/div>\n<\/form>\n<\/div>\n[\/vc_column][\/vc_row]<\/p>\n","protected":false},"excerpt":{"rendered":"<p>[vc_row][vc_column width=\u00bb2\/3&#8243;][vc_tta_tour color=\u00bbblue\u00bb active_section=\u00bb1&#8243;][vc_tta_section title=\u00bbHistoria\u00bb tab_id=\u00bb1668499846918-c8b5a2be-6c19&#8243;][vc_wp_text]Reconocer que la educaci\u00f3n es un proceso pol\u00edtico, hist\u00f3rico y social es afirmar que encierra en s\u00ed la necesidad de la transformaci\u00f3n, pero es tambi\u00e9n atribuirle un aspecto de conservaci\u00f3n que otorga identidad, sentido y temporalidad a las pr\u00e1cticas educativas y a las propias instituciones que las enmarcan. El Nivel &#8230; <a class=\"read-more\" href=\"https:\/\/liceoinformatico.edu.ar\/?page_id=1515\">Leer m\u00e1s<\/a><\/p>\n","protected":false},"author":5,"featured_media":0,"parent":0,"menu_order":0,"comment_status":"closed","ping_status":"closed","template":"","meta":{"footnotes":"","_joinchat":[]},"acf":[],"yoast_head":"<!-- This site is optimized with the Yoast SEO plugin v21.9.1 - https:\/\/yoast.com\/wordpress\/plugins\/seo\/ -->\n<title>Nivel Superior - Carreras - Complejo Educativo Liceo Inform\u00e1tico II - Ciudad Educativa<\/title>\n<meta name=\"robots\" content=\"index, follow, max-snippet:-1, max-image-preview:large, max-video-preview:-1\" \/>\n<link rel=\"canonical\" href=\"https:\/\/liceoinformatico.edu.ar\/?page_id=1515\" \/>\n<meta property=\"og:locale\" content=\"es_ES\" \/>\n<meta property=\"og:type\" content=\"article\" \/>\n<meta property=\"og:title\" content=\"Nivel Superior - Carreras - Complejo Educativo Liceo Inform\u00e1tico II - Ciudad Educativa\" \/>\n<meta property=\"og:description\" content=\"[vc_row][vc_column width=\u00bb2\/3&#8243;][vc_tta_tour color=\u00bbblue\u00bb active_section=\u00bb1&#8243;][vc_tta_section title=\u00bbHistoria\u00bb tab_id=\u00bb1668499846918-c8b5a2be-6c19&#8243;][vc_wp_text]Reconocer que la educaci\u00f3n es un proceso pol\u00edtico, hist\u00f3rico y social es afirmar que encierra en s\u00ed la necesidad de la transformaci\u00f3n, pero es tambi\u00e9n atribuirle un aspecto de conservaci\u00f3n que otorga identidad, sentido y temporalidad a las pr\u00e1cticas educativas y a las propias instituciones que las enmarcan. El Nivel ... Leer m\u00e1s\" \/>\n<meta property=\"og:url\" content=\"https:\/\/liceoinformatico.edu.ar\/?page_id=1515\" \/>\n<meta property=\"og:site_name\" content=\"Complejo Educativo Liceo Inform\u00e1tico II - Ciudad Educativa\" \/>\n<meta property=\"article:modified_time\" content=\"2022-11-16T08:37:37+00:00\" \/>\n<meta name=\"twitter:card\" content=\"summary_large_image\" \/>\n<meta name=\"twitter:label1\" content=\"Tiempo de lectura\" \/>\n\t<meta name=\"twitter:data1\" content=\"3 minutos\" \/>\n<script type=\"application\/ld+json\" class=\"yoast-schema-graph\">{\"@context\":\"https:\/\/schema.org\",\"@graph\":[{\"@type\":\"WebPage\",\"@id\":\"https:\/\/liceoinformatico.edu.ar\/?page_id=1515\",\"url\":\"https:\/\/liceoinformatico.edu.ar\/?page_id=1515\",\"name\":\"Nivel Superior - Carreras - Complejo Educativo Liceo Inform\u00e1tico II - Ciudad Educativa\",\"isPartOf\":{\"@id\":\"https:\/\/liceoinformatico.edu.ar\/#website\"},\"datePublished\":\"2022-11-15T15:13:00+00:00\",\"dateModified\":\"2022-11-16T08:37:37+00:00\",\"breadcrumb\":{\"@id\":\"https:\/\/liceoinformatico.edu.ar\/?page_id=1515#breadcrumb\"},\"inLanguage\":\"es\",\"potentialAction\":[{\"@type\":\"ReadAction\",\"target\":[\"https:\/\/liceoinformatico.edu.ar\/?page_id=1515\"]}]},{\"@type\":\"BreadcrumbList\",\"@id\":\"https:\/\/liceoinformatico.edu.ar\/?page_id=1515#breadcrumb\",\"itemListElement\":[{\"@type\":\"ListItem\",\"position\":1,\"name\":\"Portada\",\"item\":\"https:\/\/liceoinformatico.edu.ar\/\"},{\"@type\":\"ListItem\",\"position\":2,\"name\":\"Nivel Superior &#8211; Carreras\"}]},{\"@type\":\"WebSite\",\"@id\":\"https:\/\/liceoinformatico.edu.ar\/#website\",\"url\":\"https:\/\/liceoinformatico.edu.ar\/\",\"name\":\"Complejo Educativo Liceo Inform\u00e1tico II - Ciudad Educativa\",\"description\":\"\",\"publisher\":{\"@id\":\"https:\/\/liceoinformatico.edu.ar\/#organization\"},\"potentialAction\":[{\"@type\":\"SearchAction\",\"target\":{\"@type\":\"EntryPoint\",\"urlTemplate\":\"https:\/\/liceoinformatico.edu.ar\/?s={search_term_string}\"},\"query-input\":\"required name=search_term_string\"}],\"inLanguage\":\"es\"},{\"@type\":\"Organization\",\"@id\":\"https:\/\/liceoinformatico.edu.ar\/#organization\",\"name\":\"Complejo Educativo Liceo Inform\u00e1tico II - Ciudad Educativa\",\"url\":\"https:\/\/liceoinformatico.edu.ar\/\",\"logo\":{\"@type\":\"ImageObject\",\"inLanguage\":\"es\",\"@id\":\"https:\/\/liceoinformatico.edu.ar\/#\/schema\/logo\/image\/\",\"url\":\"https:\/\/liceoinformatico.edu.ar\/wp-content\/uploads\/2022\/11\/cropped-header-2.jpg\",\"contentUrl\":\"https:\/\/liceoinformatico.edu.ar\/wp-content\/uploads\/2022\/11\/cropped-header-2.jpg\",\"width\":1022,\"height\":127,\"caption\":\"Complejo Educativo Liceo Inform\u00e1tico II - Ciudad Educativa\"},\"image\":{\"@id\":\"https:\/\/liceoinformatico.edu.ar\/#\/schema\/logo\/image\/\"}}]}<\/script>\n<!-- \/ Yoast SEO plugin. -->","yoast_head_json":{"title":"Nivel Superior - Carreras - Complejo Educativo Liceo Inform\u00e1tico II - Ciudad Educativa","robots":{"index":"index","follow":"follow","max-snippet":"max-snippet:-1","max-image-preview":"max-image-preview:large","max-video-preview":"max-video-preview:-1"},"canonical":"https:\/\/liceoinformatico.edu.ar\/?page_id=1515","og_locale":"es_ES","og_type":"article","og_title":"Nivel Superior - Carreras - Complejo Educativo Liceo Inform\u00e1tico II - Ciudad Educativa","og_description":"[vc_row][vc_column width=\u00bb2\/3&#8243;][vc_tta_tour color=\u00bbblue\u00bb active_section=\u00bb1&#8243;][vc_tta_section title=\u00bbHistoria\u00bb tab_id=\u00bb1668499846918-c8b5a2be-6c19&#8243;][vc_wp_text]Reconocer que la educaci\u00f3n es un proceso pol\u00edtico, hist\u00f3rico y social es afirmar que encierra en s\u00ed la necesidad de la transformaci\u00f3n, pero es tambi\u00e9n atribuirle un aspecto de conservaci\u00f3n que otorga identidad, sentido y temporalidad a las pr\u00e1cticas educativas y a las propias instituciones que las enmarcan. El Nivel ... Leer m\u00e1s","og_url":"https:\/\/liceoinformatico.edu.ar\/?page_id=1515","og_site_name":"Complejo Educativo Liceo Inform\u00e1tico II - Ciudad Educativa","article_modified_time":"2022-11-16T08:37:37+00:00","twitter_card":"summary_large_image","twitter_misc":{"Tiempo de lectura":"3 minutos"},"schema":{"@context":"https:\/\/schema.org","@graph":[{"@type":"WebPage","@id":"https:\/\/liceoinformatico.edu.ar\/?page_id=1515","url":"https:\/\/liceoinformatico.edu.ar\/?page_id=1515","name":"Nivel Superior - Carreras - Complejo Educativo Liceo Inform\u00e1tico II - Ciudad Educativa","isPartOf":{"@id":"https:\/\/liceoinformatico.edu.ar\/#website"},"datePublished":"2022-11-15T15:13:00+00:00","dateModified":"2022-11-16T08:37:37+00:00","breadcrumb":{"@id":"https:\/\/liceoinformatico.edu.ar\/?page_id=1515#breadcrumb"},"inLanguage":"es","potentialAction":[{"@type":"ReadAction","target":["https:\/\/liceoinformatico.edu.ar\/?page_id=1515"]}]},{"@type":"BreadcrumbList","@id":"https:\/\/liceoinformatico.edu.ar\/?page_id=1515#breadcrumb","itemListElement":[{"@type":"ListItem","position":1,"name":"Portada","item":"https:\/\/liceoinformatico.edu.ar\/"},{"@type":"ListItem","position":2,"name":"Nivel Superior &#8211; Carreras"}]},{"@type":"WebSite","@id":"https:\/\/liceoinformatico.edu.ar\/#website","url":"https:\/\/liceoinformatico.edu.ar\/","name":"Complejo Educativo Liceo Inform\u00e1tico II - Ciudad Educativa","description":"","publisher":{"@id":"https:\/\/liceoinformatico.edu.ar\/#organization"},"potentialAction":[{"@type":"SearchAction","target":{"@type":"EntryPoint","urlTemplate":"https:\/\/liceoinformatico.edu.ar\/?s={search_term_string}"},"query-input":"required name=search_term_string"}],"inLanguage":"es"},{"@type":"Organization","@id":"https:\/\/liceoinformatico.edu.ar\/#organization","name":"Complejo Educativo Liceo Inform\u00e1tico II - Ciudad Educativa","url":"https:\/\/liceoinformatico.edu.ar\/","logo":{"@type":"ImageObject","inLanguage":"es","@id":"https:\/\/liceoinformatico.edu.ar\/#\/schema\/logo\/image\/","url":"https:\/\/liceoinformatico.edu.ar\/wp-content\/uploads\/2022\/11\/cropped-header-2.jpg","contentUrl":"https:\/\/liceoinformatico.edu.ar\/wp-content\/uploads\/2022\/11\/cropped-header-2.jpg","width":1022,"height":127,"caption":"Complejo Educativo Liceo Inform\u00e1tico II - Ciudad Educativa"},"image":{"@id":"https:\/\/liceoinformatico.edu.ar\/#\/schema\/logo\/image\/"}}]}},"_links":{"self":[{"href":"https:\/\/liceoinformatico.edu.ar\/index.php?rest_route=\/wp\/v2\/pages\/1515"}],"collection":[{"href":"https:\/\/liceoinformatico.edu.ar\/index.php?rest_route=\/wp\/v2\/pages"}],"about":[{"href":"https:\/\/liceoinformatico.edu.ar\/index.php?rest_route=\/wp\/v2\/types\/page"}],"author":[{"embeddable":true,"href":"https:\/\/liceoinformatico.edu.ar\/index.php?rest_route=\/wp\/v2\/users\/5"}],"replies":[{"embeddable":true,"href":"https:\/\/liceoinformatico.edu.ar\/index.php?rest_route=%2Fwp%2Fv2%2Fcomments&post=1515"}],"version-history":[{"count":5,"href":"https:\/\/liceoinformatico.edu.ar\/index.php?rest_route=\/wp\/v2\/pages\/1515\/revisions"}],"predecessor-version":[{"id":1534,"href":"https:\/\/liceoinformatico.edu.ar\/index.php?rest_route=\/wp\/v2\/pages\/1515\/revisions\/1534"}],"wp:attachment":[{"href":"https:\/\/liceoinformatico.edu.ar\/index.php?rest_route=%2Fwp%2Fv2%2Fmedia&parent=1515"}],"curies":[{"name":"wp","href":"https:\/\/api.w.org\/{rel}","templated":true}]}}