{"id":1513,"date":"2022-11-15T15:10:15","date_gmt":"2022-11-15T15:10:15","guid":{"rendered":"https:\/\/liceoprueba.online\/?page_id=1513"},"modified":"2022-11-16T08:57:14","modified_gmt":"2022-11-16T08:57:14","slug":"nivel-primario","status":"publish","type":"page","link":"https:\/\/liceoinformatico.edu.ar\/?page_id=1513","title":{"rendered":"Nivel Primario"},"content":{"rendered":"<p>[vc_row][vc_column width=\u00bb2\/3&#8243;][vc_tta_tour color=\u00bbblue\u00bb active_section=\u00bb1&#8243;][vc_tta_section title=\u00bbHistoria\u00bb tab_id=\u00bb1668499846918-c8b5a2be-6c19&#8243;][vc_wp_text]Nuestra historia demuestra que el colegio hizo punta en la incorporaci\u00f3n de tecnolog\u00eda inform\u00e1tica, de comunicaciones y rob\u00f3tica en la ense\u00f1anza; en el desarrollo de programas educativos flexibles e integradores centrados en el alumnado y sus particularidades; en la creaci\u00f3n de propuestas de formaci\u00f3n con potente comprensi\u00f3n del impacto de las transformaciones tecnol\u00f3gicas en la vida de la sociedad.[\/vc_wp_text][\/vc_tta_section][vc_tta_section title=\u00bbProyecto\u00bb tab_id=\u00bb1668499846918-5ba0cd8a-aff7&#8243;][vc_wp_text]En concordancia con la Convenci\u00f3n Internacional sobre los Derechos de\u00a0la Ni\u00f1ez consideramos a los ni\u00f1os y las ni\u00f1as como sujetos de derecho, no solo\u00a0portadores de derechos futuros, sino sujetos que los ejercen en el presente. En\u00a0este sentido la escuela primaria genera un espacio de encuentro entre ni\u00f1os\/as\u00a0y adultos, basado en la confianza, el cuidado y la creaci\u00f3n de ambientes que\u00a0propician desarrollo creciente de la autonom\u00eda del alumnado.<br \/>\nLas propuestas pedag\u00f3gico-educativas deben contribuir para avanzar\u00a0hacia una educaci\u00f3n m\u00e1s inclusiva, flexible y relevante para los\/as\u00a0ni\u00f1os\/as.[\/vc_wp_text][\/vc_tta_section][vc_tta_section title=\u00bbHorarios\u00bb tab_id=\u00bb1668499895852-69ac3da6-973d\u00bb][vc_wp_text]El nivel Primario funciona en el turno ma\u00f1ana, en el horario de:\u00a08hs a 12:15 hs. Con Proyecci\u00f3n de Extensi\u00f3n horaria.[\/vc_wp_text][\/vc_tta_section][vc_tta_section title=\u00bbAct. Extras\u00bb tab_id=\u00bb1668499913012-45ae9b82-23b1&#8243;][vc_wp_text]El nivel Primario cuenta con talleres transversales como:<\/p>\n<ol>\n<li>PROYECTO LITERARIO Y RIC\u00d3N DE LECTURA COLEGIO LICEO INFORM\u00c1TICO<\/li>\n<li>ARTICULACI\u00d3N CON TALLER DE COCINA<\/li>\n<\/ol>\n<p>[\/vc_wp_text][\/vc_tta_section][vc_tta_section title=\u00bbUniformes\u00bb tab_id=\u00bb1668499916867-dd3ea01e-f9f2&#8243;][vc_wp_text]Invierno:<\/p>\n<p>Opci\u00f3n:\u00a01- Buzo azul _ Remera Blanca con el logo del colegio_ Pantal\u00f3n azul<\/p>\n<p>2- Delantal o chaqueta Blanca<\/p>\n<p>Verano:<\/p>\n<p>Opci\u00f3n:\u00a01- Remera Blanca con el logo del colegio _ pantal\u00f3n corto azul<\/p>\n<p>2- Delantal o chaqueta blanca[\/vc_wp_text][\/vc_tta_section][vc_tta_section title=\u00bbEquipo\u00bb tab_id=\u00bb1668499920025-c389b3d2-5e6b\u00bb][vc_wp_text]Todos sus integrantes deber\u00e1n tener una formaci\u00f3n profesional y \u00e9tica a fin de poder propiciar al alumnado pr\u00e1cticas responsables, comprometidas y reflexivas, a fin de lograr aprendizajes significativos. Esto se lograr\u00e1 mediante los acuerdos y estrategias a desarrollar con la comunidad educativa.[\/vc_wp_text][\/vc_tta_section][vc_tta_section title=\u00bbAdministraci\u00f3n\u00bb tab_id=\u00bb1668499923151-eaba0074-a084&#8243;][vc_wp_text]<\/p>\n<ol>\n<li>Contactos<\/li>\n<li>Aranceles Se abona una matr\u00edcula anual y cuota mensual consecutivas<\/li>\n<li>Solicitud de Inscripci\u00f3n<\/li>\n<li>Ficha m\u00e9dica<\/li>\n<\/ol>\n<p>[\/vc_wp_text][\/vc_tta_section][vc_tta_section title=\u00bbComedor\u00bb tab_id=\u00bb1668499892205-3178108a-70dd\u00bb][vc_wp_text]<\/p>\n<p>Los ni\u00f1os y ni\u00f1as del Jard\u00edn cuentan con el desayuno, almuerzo y merienda. Basada en una dieta equilibrada acorde a las necesidades nutritivas de la primera infancia.<\/p>\n<p>Se sostiene gracias a la colaboraci\u00f3n del proyecto de la FuPEST.[\/vc_wp_text][\/vc_tta_section][\/vc_tta_tour][vc_text_separator title=\u00bbNoticias\u00bb color=\u00bbblue\u00bb][vc_masonry_grid post_type=\u00bbpost\u00bb max_items=\u00bb3&#8243; style=\u00bblazy\u00bb items_per_page=\u00bb3&#8243; gap=\u00bb1&#8243; item=\u00bb405&#8243; grid_id=\u00bbvc_gid:1668589001560-5ae3e35b0fc47d0e11513101a9f40f4d-10&#8243;][\/vc_column][vc_column width=\u00bb1\/3&#8243;][vc_gallery interval=\u00bb5&#8243; images=\u00bb1480,1520,1521,1522,1523,1524,1525,1526,1527,1528&#8243; onclick=\u00bbimg_link_large\u00bb]\n<div class=\"wpcf7 no-js\" id=\"wpcf7-f4-o1\" lang=\"es-ES\" dir=\"ltr\">\n<div class=\"screen-reader-response\"><p role=\"status\" aria-live=\"polite\" aria-atomic=\"true\"><\/p> <ul><\/ul><\/div>\n<form action=\"\/index.php?rest_route=%2Fwp%2Fv2%2Fpages%2F1513#wpcf7-f4-o1\" method=\"post\" class=\"wpcf7-form init\" aria-label=\"Formulario de contacto\" novalidate=\"novalidate\" data-status=\"init\">\n<div style=\"display: none;\">\n<input type=\"hidden\" name=\"_wpcf7\" value=\"4\" \/>\n<input type=\"hidden\" name=\"_wpcf7_version\" value=\"5.8.6\" \/>\n<input type=\"hidden\" name=\"_wpcf7_locale\" value=\"es_ES\" \/>\n<input type=\"hidden\" name=\"_wpcf7_unit_tag\" value=\"wpcf7-f4-o1\" \/>\n<input type=\"hidden\" name=\"_wpcf7_container_post\" value=\"0\" \/>\n<input type=\"hidden\" name=\"_wpcf7_posted_data_hash\" value=\"\" \/>\n<\/div>\n<h3>SOLICITAR INFO\n<\/h3>\n<p>\u00bfQuer\u00e9s estudiar en Liceo Inform\u00e1tico?<br \/>\nConsultanos a trav\u00e9s del formulario y te responderemos a la brevedad.\n<\/p>\n<p><span class=\"wpcf7-form-control-wrap\" data-name=\"Sector\"><select class=\"wpcf7-form-control wpcf7-select wpcf7-validates-as-required\" aria-required=\"true\" aria-invalid=\"false\" name=\"Sector\"><option value=\"Seleccione su inter\u00e9s\">Seleccione su inter\u00e9s<\/option><option value=\"Educaci\u00f3n Inicial\">Educaci\u00f3n Inicial<\/option><option value=\"Educaci\u00f3n Primaria\">Educaci\u00f3n Primaria<\/option><option value=\"Educaci\u00f3n Secundaria\">Educaci\u00f3n Secundaria<\/option><option value=\"Epja - Secundario Para Adultos\">Epja - Secundario Para Adultos<\/option><option value=\"Nivel Superior - Tecnicaturas\">Nivel Superior - Tecnicaturas<\/option><option value=\"Nivel Superior - Profesorados\">Nivel Superior - Profesorados<\/option><option value=\"Formaci\u00f3n Docente Continua\">Formaci\u00f3n Docente Continua<\/option><\/select><\/span>\n<\/p>\n<p><span class=\"wpcf7-form-control-wrap\" data-name=\"your-name\"><input size=\"40\" class=\"wpcf7-form-control wpcf7-text wpcf7-validates-as-required\" aria-required=\"true\" aria-invalid=\"false\" placeholder=\"Nombre y Apellido\" value=\"\" type=\"text\" name=\"your-name\" \/><\/span>\n<\/p>\n<p><span class=\"wpcf7-form-control-wrap\" data-name=\"your-email\"><input size=\"40\" class=\"wpcf7-form-control wpcf7-email wpcf7-validates-as-required wpcf7-text wpcf7-validates-as-email\" aria-required=\"true\" aria-invalid=\"false\" placeholder=\"E-mail\" value=\"\" type=\"email\" name=\"your-email\" \/><\/span>\n<\/p>\n<p><span class=\"wpcf7-form-control-wrap\" data-name=\"localidad\"><input size=\"40\" class=\"wpcf7-form-control wpcf7-text wpcf7-validates-as-required\" aria-required=\"true\" aria-invalid=\"false\" placeholder=\"Tel\u00e9fono\/Celular\" value=\"\" type=\"text\" name=\"localidad\" \/><\/span>\n<\/p>\n<p><span class=\"wpcf7-form-control-wrap\" data-name=\"your-message\"><textarea cols=\"40\" rows=\"10\" class=\"wpcf7-form-control wpcf7-textarea\" aria-invalid=\"false\" placeholder=\"Su consulta\" name=\"your-message\"><\/textarea><\/span>\n<\/p>\n<p><input class=\"wpcf7-form-control wpcf7-submit has-spinner\" type=\"submit\" value=\"Enviar\" \/>\n<\/p><p style=\"display: none !important;\" class=\"akismet-fields-container\" data-prefix=\"_wpcf7_ak_\"><label>&#916;<textarea name=\"_wpcf7_ak_hp_textarea\" cols=\"45\" rows=\"8\" maxlength=\"100\"><\/textarea><\/label><input type=\"hidden\" id=\"ak_js_1\" name=\"_wpcf7_ak_js\" value=\"22\"\/><script>document.getElementById( \"ak_js_1\" ).setAttribute( \"value\", ( new Date() ).getTime() );<\/script><\/p><div class=\"wpcf7-response-output\" aria-hidden=\"true\"><\/div>\n<\/form>\n<\/div>\n[\/vc_column][\/vc_row]<\/p>\n","protected":false},"excerpt":{"rendered":"<p>[vc_row][vc_column width=\u00bb2\/3&#8243;][vc_tta_tour color=\u00bbblue\u00bb active_section=\u00bb1&#8243;][vc_tta_section title=\u00bbHistoria\u00bb tab_id=\u00bb1668499846918-c8b5a2be-6c19&#8243;][vc_wp_text]Nuestra historia demuestra que el colegio hizo punta en la incorporaci\u00f3n de tecnolog\u00eda inform\u00e1tica, de comunicaciones y rob\u00f3tica en la ense\u00f1anza; en el desarrollo de programas educativos flexibles e integradores centrados en el alumnado y sus particularidades; en la creaci\u00f3n de propuestas de formaci\u00f3n con potente comprensi\u00f3n del impacto de &#8230; <a class=\"read-more\" href=\"https:\/\/liceoinformatico.edu.ar\/?page_id=1513\">Leer m\u00e1s<\/a><\/p>\n","protected":false},"author":5,"featured_media":0,"parent":0,"menu_order":0,"comment_status":"closed","ping_status":"closed","template":"","meta":{"footnotes":"","_joinchat":[]},"acf":[],"yoast_head":"<!-- This site is optimized with the Yoast SEO plugin v21.9.1 - https:\/\/yoast.com\/wordpress\/plugins\/seo\/ -->\n<title>Nivel Primario - Complejo Educativo Liceo Inform\u00e1tico II - Ciudad Educativa<\/title>\n<meta name=\"robots\" content=\"index, follow, max-snippet:-1, max-image-preview:large, max-video-preview:-1\" \/>\n<link rel=\"canonical\" href=\"https:\/\/liceoinformatico.edu.ar\/?page_id=1513\" \/>\n<meta property=\"og:locale\" content=\"es_ES\" \/>\n<meta property=\"og:type\" content=\"article\" \/>\n<meta property=\"og:title\" content=\"Nivel Primario - Complejo Educativo Liceo Inform\u00e1tico II - Ciudad Educativa\" \/>\n<meta property=\"og:description\" content=\"[vc_row][vc_column width=\u00bb2\/3&#8243;][vc_tta_tour color=\u00bbblue\u00bb active_section=\u00bb1&#8243;][vc_tta_section title=\u00bbHistoria\u00bb tab_id=\u00bb1668499846918-c8b5a2be-6c19&#8243;][vc_wp_text]Nuestra historia demuestra que el colegio hizo punta en la incorporaci\u00f3n de tecnolog\u00eda inform\u00e1tica, de comunicaciones y rob\u00f3tica en la ense\u00f1anza; en el desarrollo de programas educativos flexibles e integradores centrados en el alumnado y sus particularidades; en la creaci\u00f3n de propuestas de formaci\u00f3n con potente comprensi\u00f3n del impacto de ... Leer m\u00e1s\" \/>\n<meta property=\"og:url\" content=\"https:\/\/liceoinformatico.edu.ar\/?page_id=1513\" \/>\n<meta property=\"og:site_name\" content=\"Complejo Educativo Liceo Inform\u00e1tico II - Ciudad Educativa\" \/>\n<meta property=\"article:modified_time\" content=\"2022-11-16T08:57:14+00:00\" \/>\n<meta name=\"twitter:card\" content=\"summary_large_image\" \/>\n<meta name=\"twitter:label1\" content=\"Tiempo de lectura\" \/>\n\t<meta name=\"twitter:data1\" content=\"3 minutos\" \/>\n<script type=\"application\/ld+json\" class=\"yoast-schema-graph\">{\"@context\":\"https:\/\/schema.org\",\"@graph\":[{\"@type\":\"WebPage\",\"@id\":\"https:\/\/liceoinformatico.edu.ar\/?page_id=1513\",\"url\":\"https:\/\/liceoinformatico.edu.ar\/?page_id=1513\",\"name\":\"Nivel Primario - Complejo Educativo Liceo Inform\u00e1tico II - Ciudad Educativa\",\"isPartOf\":{\"@id\":\"https:\/\/liceoinformatico.edu.ar\/#website\"},\"datePublished\":\"2022-11-15T15:10:15+00:00\",\"dateModified\":\"2022-11-16T08:57:14+00:00\",\"breadcrumb\":{\"@id\":\"https:\/\/liceoinformatico.edu.ar\/?page_id=1513#breadcrumb\"},\"inLanguage\":\"es\",\"potentialAction\":[{\"@type\":\"ReadAction\",\"target\":[\"https:\/\/liceoinformatico.edu.ar\/?page_id=1513\"]}]},{\"@type\":\"BreadcrumbList\",\"@id\":\"https:\/\/liceoinformatico.edu.ar\/?page_id=1513#breadcrumb\",\"itemListElement\":[{\"@type\":\"ListItem\",\"position\":1,\"name\":\"Portada\",\"item\":\"https:\/\/liceoinformatico.edu.ar\/\"},{\"@type\":\"ListItem\",\"position\":2,\"name\":\"Nivel Primario\"}]},{\"@type\":\"WebSite\",\"@id\":\"https:\/\/liceoinformatico.edu.ar\/#website\",\"url\":\"https:\/\/liceoinformatico.edu.ar\/\",\"name\":\"Complejo Educativo Liceo Inform\u00e1tico II - Ciudad Educativa\",\"description\":\"\",\"publisher\":{\"@id\":\"https:\/\/liceoinformatico.edu.ar\/#organization\"},\"potentialAction\":[{\"@type\":\"SearchAction\",\"target\":{\"@type\":\"EntryPoint\",\"urlTemplate\":\"https:\/\/liceoinformatico.edu.ar\/?s={search_term_string}\"},\"query-input\":\"required name=search_term_string\"}],\"inLanguage\":\"es\"},{\"@type\":\"Organization\",\"@id\":\"https:\/\/liceoinformatico.edu.ar\/#organization\",\"name\":\"Complejo Educativo Liceo Inform\u00e1tico II - Ciudad Educativa\",\"url\":\"https:\/\/liceoinformatico.edu.ar\/\",\"logo\":{\"@type\":\"ImageObject\",\"inLanguage\":\"es\",\"@id\":\"https:\/\/liceoinformatico.edu.ar\/#\/schema\/logo\/image\/\",\"url\":\"https:\/\/liceoinformatico.edu.ar\/wp-content\/uploads\/2022\/11\/cropped-header-2.jpg\",\"contentUrl\":\"https:\/\/liceoinformatico.edu.ar\/wp-content\/uploads\/2022\/11\/cropped-header-2.jpg\",\"width\":1022,\"height\":127,\"caption\":\"Complejo Educativo Liceo Inform\u00e1tico II - Ciudad Educativa\"},\"image\":{\"@id\":\"https:\/\/liceoinformatico.edu.ar\/#\/schema\/logo\/image\/\"}}]}<\/script>\n<!-- \/ Yoast SEO plugin. -->","yoast_head_json":{"title":"Nivel Primario - Complejo Educativo Liceo Inform\u00e1tico II - Ciudad Educativa","robots":{"index":"index","follow":"follow","max-snippet":"max-snippet:-1","max-image-preview":"max-image-preview:large","max-video-preview":"max-video-preview:-1"},"canonical":"https:\/\/liceoinformatico.edu.ar\/?page_id=1513","og_locale":"es_ES","og_type":"article","og_title":"Nivel Primario - Complejo Educativo Liceo Inform\u00e1tico II - Ciudad Educativa","og_description":"[vc_row][vc_column width=\u00bb2\/3&#8243;][vc_tta_tour color=\u00bbblue\u00bb active_section=\u00bb1&#8243;][vc_tta_section title=\u00bbHistoria\u00bb tab_id=\u00bb1668499846918-c8b5a2be-6c19&#8243;][vc_wp_text]Nuestra historia demuestra que el colegio hizo punta en la incorporaci\u00f3n de tecnolog\u00eda inform\u00e1tica, de comunicaciones y rob\u00f3tica en la ense\u00f1anza; en el desarrollo de programas educativos flexibles e integradores centrados en el alumnado y sus particularidades; en la creaci\u00f3n de propuestas de formaci\u00f3n con potente comprensi\u00f3n del impacto de ... Leer m\u00e1s","og_url":"https:\/\/liceoinformatico.edu.ar\/?page_id=1513","og_site_name":"Complejo Educativo Liceo Inform\u00e1tico II - Ciudad Educativa","article_modified_time":"2022-11-16T08:57:14+00:00","twitter_card":"summary_large_image","twitter_misc":{"Tiempo de lectura":"3 minutos"},"schema":{"@context":"https:\/\/schema.org","@graph":[{"@type":"WebPage","@id":"https:\/\/liceoinformatico.edu.ar\/?page_id=1513","url":"https:\/\/liceoinformatico.edu.ar\/?page_id=1513","name":"Nivel Primario - Complejo Educativo Liceo Inform\u00e1tico II - Ciudad Educativa","isPartOf":{"@id":"https:\/\/liceoinformatico.edu.ar\/#website"},"datePublished":"2022-11-15T15:10:15+00:00","dateModified":"2022-11-16T08:57:14+00:00","breadcrumb":{"@id":"https:\/\/liceoinformatico.edu.ar\/?page_id=1513#breadcrumb"},"inLanguage":"es","potentialAction":[{"@type":"ReadAction","target":["https:\/\/liceoinformatico.edu.ar\/?page_id=1513"]}]},{"@type":"BreadcrumbList","@id":"https:\/\/liceoinformatico.edu.ar\/?page_id=1513#breadcrumb","itemListElement":[{"@type":"ListItem","position":1,"name":"Portada","item":"https:\/\/liceoinformatico.edu.ar\/"},{"@type":"ListItem","position":2,"name":"Nivel Primario"}]},{"@type":"WebSite","@id":"https:\/\/liceoinformatico.edu.ar\/#website","url":"https:\/\/liceoinformatico.edu.ar\/","name":"Complejo Educativo Liceo Inform\u00e1tico II - Ciudad Educativa","description":"","publisher":{"@id":"https:\/\/liceoinformatico.edu.ar\/#organization"},"potentialAction":[{"@type":"SearchAction","target":{"@type":"EntryPoint","urlTemplate":"https:\/\/liceoinformatico.edu.ar\/?s={search_term_string}"},"query-input":"required name=search_term_string"}],"inLanguage":"es"},{"@type":"Organization","@id":"https:\/\/liceoinformatico.edu.ar\/#organization","name":"Complejo Educativo Liceo Inform\u00e1tico II - Ciudad Educativa","url":"https:\/\/liceoinformatico.edu.ar\/","logo":{"@type":"ImageObject","inLanguage":"es","@id":"https:\/\/liceoinformatico.edu.ar\/#\/schema\/logo\/image\/","url":"https:\/\/liceoinformatico.edu.ar\/wp-content\/uploads\/2022\/11\/cropped-header-2.jpg","contentUrl":"https:\/\/liceoinformatico.edu.ar\/wp-content\/uploads\/2022\/11\/cropped-header-2.jpg","width":1022,"height":127,"caption":"Complejo Educativo Liceo Inform\u00e1tico II - Ciudad Educativa"},"image":{"@id":"https:\/\/liceoinformatico.edu.ar\/#\/schema\/logo\/image\/"}}]}},"_links":{"self":[{"href":"https:\/\/liceoinformatico.edu.ar\/index.php?rest_route=\/wp\/v2\/pages\/1513"}],"collection":[{"href":"https:\/\/liceoinformatico.edu.ar\/index.php?rest_route=\/wp\/v2\/pages"}],"about":[{"href":"https:\/\/liceoinformatico.edu.ar\/index.php?rest_route=\/wp\/v2\/types\/page"}],"author":[{"embeddable":true,"href":"https:\/\/liceoinformatico.edu.ar\/index.php?rest_route=\/wp\/v2\/users\/5"}],"replies":[{"embeddable":true,"href":"https:\/\/liceoinformatico.edu.ar\/index.php?rest_route=%2Fwp%2Fv2%2Fcomments&post=1513"}],"version-history":[{"count":4,"href":"https:\/\/liceoinformatico.edu.ar\/index.php?rest_route=\/wp\/v2\/pages\/1513\/revisions"}],"predecessor-version":[{"id":1573,"href":"https:\/\/liceoinformatico.edu.ar\/index.php?rest_route=\/wp\/v2\/pages\/1513\/revisions\/1573"}],"wp:attachment":[{"href":"https:\/\/liceoinformatico.edu.ar\/index.php?rest_route=%2Fwp%2Fv2%2Fmedia&parent=1513"}],"curies":[{"name":"wp","href":"https:\/\/api.w.org\/{rel}","templated":true}]}}